{"id":72870,"date":"2026-01-31T15:42:15","date_gmt":"2026-01-31T14:42:15","guid":{"rendered":"https:\/\/shop.martinconrad.de\/html\/catalog\/produkt\/artikel-nr-gga25-fhsgolden-grape-award-gold-paket-feinherb-suess-mit-je-einer-flasche-23-11-24-11-24-13-23-14-24-22-23-23-zum-vorzugspreis-von-9500-e-statt-10440-e-zuzueglich-versand\/"},"modified":"2026-04-28T17:49:44","modified_gmt":"2026-04-28T16:49:44","slug":"artikel-nr-gga25-fhsgolden-grape-award-gold-paket-feinherb-suss-mit-je-einer-flasche-23-11-24-11-24-13-23-14-24-22-23-23-zum-vorzugspreis-von-9500-e-statt-10440-e-zuzueglich-versand","status":"publish","type":"product","link":"https:\/\/shop.martinconrad.de\/html\/catalog\/produkt\/artikel-nr-gga25-fhsgolden-grape-award-gold-paket-feinherb-suss-mit-je-einer-flasche-23-11-24-11-24-13-23-14-24-22-23-23-zum-vorzugspreis-von-9500-e-statt-10440-e-zuzueglich-versand\/","title":{"rendered":"<br>Artikel-Nr.: GGA25-FHS<br>Golden Grape Award GOLD-PAKET &#8211; FEINHERB\/SUSS mit je einer Flasche: 23-11, 24-11, 24-13, 23-14, 24-22, 23-23 &#8211; zum Vorzugspreis von 95,00 \u20ac statt 104,40 \u20ac (zuz\u00fcglich Versand)<br>"},"content":{"rendered":"<p><!-- IBGHTML --><font face=\"Calibri\" size=\"2\">Dar Probierpaket -GGA25 GOLD &#8211; FEINHERB\/S\u00dcSS enth\u00e4lt je&nbsp;eine Flasche&nbsp;\u00e0 0,75 L:<br \/>2023 M\u00fclheimer Sonnenlay Riesling feinherb (Nr. 23-11)<br \/><font size=\"2\">2024 M\u00fclheimer Sonnenlay Riesling feinherb (Nr. 24-11)<br \/>2024 Brauneberger Juffer&nbsp;Riesling&nbsp;feinherb (Nr. 24-13)<br \/>2023 Brauneberger Juffer&nbsp;Goldkapsel Riesling&nbsp;feinherb (Nr. 23-14)<br \/>2024 Brauneberger Juffer&nbsp;Riesling&nbsp;Kabinett (s\u00fc\u00df)&nbsp;(Nr. 24-22)<br \/>2023 Brauneberger Juffer&nbsp;Riesling&nbsp;Sp\u00e4tlese (s\u00fc\u00df)&nbsp;(Nr. 23-23)<br \/><\/font><strong>Paketpreis<\/strong> f\u00fcr 6 insgesamt&nbsp;Flaschen\u00e0 0,75 L:&nbsp; <strong>95,00 \u20ac<\/strong> (Statt 104,30 \u20ac) zuz\u00fcglich Versandkosten innerhalb Deutschlands.<\/p>\n<p><\/font><\/p>\n<table WIDTH=\"60%\" BORDER=\"0\" align=\"left\" CELLPADDING=\"0\" CELLSPACING=\"0\"><\/p>\n<tr>\n<td width=\"53%\">Artikelnummer:<\/td>\n<td width=\"47%\"><strong>GGA25-FHS<\/strong><\/td>\n<\/tr>\n<p><\/p>\n<tr>\n<td>vegan:<\/td>\n<td><strong>JA<\/strong><\/td>\n<\/tr>\n<p><\/p>\n<tr>\n<td>enth\u00e4lt Allergene:<\/td>\n<td><strong>enth\u00e4lt Sulfite<\/strong><\/td>\n<\/tr>\n<p><\/table>\n","protected":false},"excerpt":{"rendered":"<p>Dar Probierpaket -GGA25 GOLD &#8211; FEINHERB\/S\u00dcSS enth\u00e4lt je&nbsp;eine Flasche&nbsp;\u00e0 0,75 L:2023 M\u00fclheimer Sonnenlay Riesling feinherb (Nr. 23-11)2024 M\u00fclheimer Sonnenlay Riesling feinherb (Nr. 24-11)2024 Brauneberger Juffer&nbsp;Riesling&nbsp;feinherb (Nr. 24-13)2023 Brauneberger Juffer&nbsp;Goldkapsel Riesling&nbsp;feinherb (Nr. 23-14)2024 Brauneberger Juffer&nbsp;Riesling&nbsp;Kabinett (s\u00fc\u00df)&nbsp;(Nr. 24-22)2023 Brauneberger Juffer&nbsp;Riesling&nbsp;Sp\u00e4tlese (s\u00fc\u00df)&nbsp;(Nr. 23-23)Paketpreis f\u00fcr 6 insgesamt&nbsp;Flaschen\u00e0 0,75 L:&nbsp; 95,00 \u20ac (Statt 104,30 \u20ac) zuz\u00fcglich Versandkosten innerhalb Deutschlands. Artikelnummer: [&hellip;]<\/p>\n","protected":false},"featured_media":72867,"comment_status":"open","ping_status":"closed","template":"","meta":[],"product_brand":[],"product_cat":[3929],"product_tag":[],"class_list":{"0":"post-72870","1":"product","2":"type-product","3":"status-publish","4":"has-post-thumbnail","6":"product_cat-01-probierpakete-patenschaften-uvm","8":"first","9":"instock","10":"taxable","11":"shipping-taxable","12":"purchasable","13":"product-type-simple"},"_links":{"self":[{"href":"https:\/\/shop.martinconrad.de\/html\/catalog\/wp-json\/wp\/v2\/product\/72870","targetHints":{"allow":["GET"]}}],"collection":[{"href":"https:\/\/shop.martinconrad.de\/html\/catalog\/wp-json\/wp\/v2\/product"}],"about":[{"href":"https:\/\/shop.martinconrad.de\/html\/catalog\/wp-json\/wp\/v2\/types\/product"}],"replies":[{"embeddable":true,"href":"https:\/\/shop.martinconrad.de\/html\/catalog\/wp-json\/wp\/v2\/comments?post=72870"}],"wp:featuredmedia":[{"embeddable":true,"href":"https:\/\/shop.martinconrad.de\/html\/catalog\/wp-json\/wp\/v2\/media\/72867"}],"wp:attachment":[{"href":"https:\/\/shop.martinconrad.de\/html\/catalog\/wp-json\/wp\/v2\/media?parent=72870"}],"wp:term":[{"taxonomy":"product_brand","embeddable":true,"href":"https:\/\/shop.martinconrad.de\/html\/catalog\/wp-json\/wp\/v2\/product_brand?post=72870"},{"taxonomy":"product_cat","embeddable":true,"href":"https:\/\/shop.martinconrad.de\/html\/catalog\/wp-json\/wp\/v2\/product_cat?post=72870"},{"taxonomy":"product_tag","embeddable":true,"href":"https:\/\/shop.martinconrad.de\/html\/catalog\/wp-json\/wp\/v2\/product_tag?post=72870"}],"curies":[{"name":"wp","href":"https:\/\/api.w.org\/{rel}","templated":true}]}}