{"id":72795,"date":"2025-11-12T13:03:13","date_gmt":"2025-11-12T12:03:13","guid":{"rendered":"https:\/\/shop.martinconrad.de\/html\/catalog\/produkt\/artikel-nr-24-07m2024-weissburgunder-mosel-weissburgunder-qualitaetswein-trocken-15l-magnum-flasche-limitiert-auf-8-stueck\/"},"modified":"2025-11-12T13:07:21","modified_gmt":"2025-11-12T12:07:21","slug":"artikel-nr-24-07m2024-weissburgunder-mosel-weissburgunder-qualitaetswein-trocken-15l-magnum-flasche-limitiert-auf-8-stueck","status":"publish","type":"product","link":"https:\/\/shop.martinconrad.de\/html\/catalog\/produkt\/artikel-nr-24-07m2024-weissburgunder-mosel-weissburgunder-qualitaetswein-trocken-15l-magnum-flasche-limitiert-auf-8-stueck\/","title":{"rendered":"<br>Artikel-Nr.: 24-07M<br>2024 Wei\u00dfburgunder Mosel Wei\u00dfburgunder Qualit\u00e4tswein  trocken 1,5l MAGNUM-Flasche (limitiert auf 8 St\u00fcck!)<br>"},"content":{"rendered":"<p><!-- IBGHTML --><\/p>\n<p>Unser Weissburgunder aus den Schiefersteillagen des Urstromtales der Mosel. Die Trauben f\u00fcr diesen hervorragenden Wei\u00dfburgunder werden sehr sp\u00e4t (meist Ende Oktober) selektiv von Hand geerntet. Die gesunden reifen Trauben mazerisieren ca.&nbsp;8 Stunden im eigenen Saft bevor der Pressvorgang gestartet wird. Das Ergebnis ist ein eleganter fruchtig feinw\u00fcrziger Wein mit angenehmem Schmelz und F\u00fclle. Die Vinifizierung des Weines ist zu 100% VEGAN und \u00d6KO-Zertifiziert!&nbsp;<\/p>\n<p><\/p>\n<table WIDTH=\"60%\" BORDER=\"0\" align=\"left\" CELLPADDING=\"0\" CELLSPACING=\"0\"><\/p>\n<tr>\n<td width=\"53%\">Artikelnummer:<\/td>\n<td width=\"47%\"><strong>24-07M<\/strong><\/td>\n<\/tr>\n<p><\/p>\n<tr>\n<td>Inhalt<\/td>\n<td><strong>1,5 Ltr.<\/strong><\/td>\n<\/tr>\n<p><\/p>\n<tr>\n<td>Preis\/Ltr.<\/td>\n<td><strong>25,00 EUR pro Ltr.<\/strong><\/td>\n<\/tr>\n<p><\/p>\n<tr>\n<td>Weinart:<\/td>\n<td><strong>Wei\u00dfwein<\/strong><\/td>\n<\/tr>\n<p><\/p>\n<tr>\n<td>Qualit&auml;tsstufe<\/td>\n<td><strong>Qualit\u00e4tswein<\/strong><\/td>\n<\/tr>\n<p><\/p>\n<tr>\n<td>Rebsorte<\/td>\n<td><strong>Wei\u00dfburgunder<\/strong><\/td>\n<\/tr>\n<p><\/p>\n<tr>\n<td>Restzuckergehalt<\/td>\n<td><strong>5,8 g\/Ltr.<\/strong><\/td>\n<\/tr>\n<p><\/p>\n<tr>\n<td>Alkoholgehalt<\/td>\n<td><strong>12,0 Vol. %<\/strong><\/td>\n<\/tr>\n<p><\/p>\n<tr>\n<td>Bio:<\/td>\n<td><strong>JA<\/strong><\/td>\n<\/tr>\n<p><\/p>\n<tr>\n<td>vegan:<\/td>\n<td><strong>JA<\/strong><\/td>\n<\/tr>\n<p><\/p>\n<tr>\n<td>enth\u00e4lt Allergene:<\/td>\n<td><strong>Sulfite<\/strong><\/td>\n<\/tr>\n<p><\/table>\n","protected":false},"excerpt":{"rendered":"<p>Unser Weissburgunder aus den Schiefersteillagen des Urstromtales der Mosel. Die Trauben f\u00fcr diesen hervorragenden Wei\u00dfburgunder werden sehr sp\u00e4t (meist Ende Oktober) selektiv von Hand geerntet. Die gesunden reifen Trauben mazerisieren ca.&nbsp;8 Stunden im eigenen Saft bevor der Pressvorgang gestartet wird. Das Ergebnis ist ein eleganter fruchtig feinw\u00fcrziger Wein mit angenehmem Schmelz und F\u00fclle. Die Vinifizierung [&hellip;]<\/p>\n","protected":false},"featured_media":72648,"comment_status":"open","ping_status":"closed","template":"","meta":[],"product_brand":[],"product_cat":[3917],"product_tag":[],"class_list":{"0":"post-72795","1":"product","2":"type-product","3":"status-publish","4":"has-post-thumbnail","6":"product_cat-02-trocken","8":"first","9":"outofstock","10":"taxable","11":"shipping-taxable","12":"purchasable","13":"product-type-simple"},"_links":{"self":[{"href":"https:\/\/shop.martinconrad.de\/html\/catalog\/wp-json\/wp\/v2\/product\/72795","targetHints":{"allow":["GET"]}}],"collection":[{"href":"https:\/\/shop.martinconrad.de\/html\/catalog\/wp-json\/wp\/v2\/product"}],"about":[{"href":"https:\/\/shop.martinconrad.de\/html\/catalog\/wp-json\/wp\/v2\/types\/product"}],"replies":[{"embeddable":true,"href":"https:\/\/shop.martinconrad.de\/html\/catalog\/wp-json\/wp\/v2\/comments?post=72795"}],"wp:featuredmedia":[{"embeddable":true,"href":"https:\/\/shop.martinconrad.de\/html\/catalog\/wp-json\/wp\/v2\/media\/72648"}],"wp:attachment":[{"href":"https:\/\/shop.martinconrad.de\/html\/catalog\/wp-json\/wp\/v2\/media?parent=72795"}],"wp:term":[{"taxonomy":"product_brand","embeddable":true,"href":"https:\/\/shop.martinconrad.de\/html\/catalog\/wp-json\/wp\/v2\/product_brand?post=72795"},{"taxonomy":"product_cat","embeddable":true,"href":"https:\/\/shop.martinconrad.de\/html\/catalog\/wp-json\/wp\/v2\/product_cat?post=72795"},{"taxonomy":"product_tag","embeddable":true,"href":"https:\/\/shop.martinconrad.de\/html\/catalog\/wp-json\/wp\/v2\/product_tag?post=72795"}],"curies":[{"name":"wp","href":"https:\/\/api.w.org\/{rel}","templated":true}]}}