{"id":72779,"date":"2025-11-04T18:26:39","date_gmt":"2025-11-04T17:26:39","guid":{"rendered":"https:\/\/shop.martinconrad.de\/html\/catalog\/produkt\/artikel-nr-18-22018-riesling-sekt-b-a-trocken-traditionelle-flaschengaerung-mind-60-mo-hefelager-01-2025-degorgiert-075l\/"},"modified":"2026-01-24T08:57:47","modified_gmt":"2026-01-24T07:57:47","slug":"artikel-nr-18-22018-riesling-sekt-b-a-trocken-traditionelle-flaschengaerung-mind-60-mo-hefelager-01-2025-degorgiert-075l","status":"publish","type":"product","link":"https:\/\/shop.martinconrad.de\/html\/catalog\/produkt\/artikel-nr-18-22018-riesling-sekt-b-a-trocken-traditionelle-flaschengaerung-mind-60-mo-hefelager-01-2025-degorgiert-075l\/","title":{"rendered":"<br>Artikel-Nr.: 18-2<br>2018 Riesling Sekt b. A. &#8211; TROCKEN (Traditionelle Flascheng\u00e4rung &#8211; mind. 60 Mo. Hefelager &#8211; 01-2025 degorgiert) 0,75l<br>"},"content":{"rendered":"<p><!-- IBGHTML --><DIV>Ein Spitzen-Sekt aus dem Jahrgang 2018, (01-2025 degorgiert!): eleganter Pfirsichduft mit feiner mineralischer W\u00fcrze, cremig elegant. Mindestens <STRONG>60 Monate auf der Champagnerhefe gereift<\/STRONG> &#8211; Traditionelle Flascheng\u00e4rung, feines Mousseux, eleganter Schiefer-Charakter der Lage M\u00fclheimer Sonnelay! <STRONG>Ein Sekt f\u00fcr Liebhaber fruchtig feinherber Weine.<\/STRONG><\/DIV><\/p>\n<table WIDTH=\"60%\" BORDER=\"0\" align=\"left\" CELLPADDING=\"0\" CELLSPACING=\"0\"><\/p>\n<tr>\n<td width=\"53%\">Artikelnummer:<\/td>\n<td width=\"47%\"><strong>18-2<\/strong><\/td>\n<\/tr>\n<p><\/p>\n<tr>\n<td>Inhalt<\/td>\n<td><strong>0,75 Ltr.<\/strong><\/td>\n<\/tr>\n<p><\/p>\n<tr>\n<td>Preis\/Ltr.<\/td>\n<td><strong>26,53 EUR pro Ltr.<\/strong><\/td>\n<\/tr>\n<p><\/p>\n<tr>\n<td>Weinart:<\/td>\n<td><strong>Wei\u00df<\/strong><\/td>\n<\/tr>\n<p><\/p>\n<tr>\n<td>Qualit&auml;tsstufe<\/td>\n<td><strong>Qualit\u00e4tswein<\/strong><\/td>\n<\/tr>\n<p><\/p>\n<tr>\n<td>Rebsorte<\/td>\n<td><strong>Riesling<\/strong><\/td>\n<\/tr>\n<p><\/p>\n<tr>\n<td>Restzuckergehalt<\/td>\n<td><strong>20,1 g\/Ltr.<\/strong><\/td>\n<\/tr>\n<p><\/p>\n<tr>\n<td>Alkoholgehalt<\/td>\n<td><strong>12,5 Vol. %<\/strong><\/td>\n<\/tr>\n<p><\/p>\n<tr>\n<td>Bio:<\/td>\n<td><strong>NEIN<\/strong><\/td>\n<\/tr>\n<p><\/p>\n<tr>\n<td>vegan:<\/td>\n<td><strong>JA<\/strong><\/td>\n<\/tr>\n<p><\/p>\n<tr>\n<td>enth\u00e4lt Allergene:<\/td>\n<td><strong>Sulfite<\/strong><\/td>\n<\/tr>\n<p><\/table>\n","protected":false},"excerpt":{"rendered":"<p>Ein Spitzen-Sekt aus dem Jahrgang 2018, (01-2025 degorgiert!): eleganter Pfirsichduft mit feiner mineralischer W\u00fcrze, cremig elegant. Mindestens 60 Monate auf der Champagnerhefe gereift &#8211; Traditionelle Flascheng\u00e4rung, feines Mousseux, eleganter Schiefer-Charakter der Lage M\u00fclheimer Sonnelay! Ein Sekt f\u00fcr Liebhaber fruchtig feinherber Weine. Artikelnummer: 18-2 Inhalt 0,75 Ltr. Preis\/Ltr. 26,53 EUR pro Ltr. Weinart: Wei\u00df Qualit&auml;tsstufe Qualit\u00e4tswein [&hellip;]<\/p>\n","protected":false},"featured_media":71751,"comment_status":"open","ping_status":"closed","template":"","meta":[],"product_brand":[],"product_cat":[3936],"product_tag":[],"class_list":{"0":"post-72779","1":"product","2":"type-product","3":"status-publish","4":"has-post-thumbnail","6":"product_cat-07-riesling-sekt-secco","8":"first","9":"instock","10":"taxable","11":"shipping-taxable","12":"purchasable","13":"product-type-simple"},"_links":{"self":[{"href":"https:\/\/shop.martinconrad.de\/html\/catalog\/wp-json\/wp\/v2\/product\/72779","targetHints":{"allow":["GET"]}}],"collection":[{"href":"https:\/\/shop.martinconrad.de\/html\/catalog\/wp-json\/wp\/v2\/product"}],"about":[{"href":"https:\/\/shop.martinconrad.de\/html\/catalog\/wp-json\/wp\/v2\/types\/product"}],"replies":[{"embeddable":true,"href":"https:\/\/shop.martinconrad.de\/html\/catalog\/wp-json\/wp\/v2\/comments?post=72779"}],"wp:featuredmedia":[{"embeddable":true,"href":"https:\/\/shop.martinconrad.de\/html\/catalog\/wp-json\/wp\/v2\/media\/71751"}],"wp:attachment":[{"href":"https:\/\/shop.martinconrad.de\/html\/catalog\/wp-json\/wp\/v2\/media?parent=72779"}],"wp:term":[{"taxonomy":"product_brand","embeddable":true,"href":"https:\/\/shop.martinconrad.de\/html\/catalog\/wp-json\/wp\/v2\/product_brand?post=72779"},{"taxonomy":"product_cat","embeddable":true,"href":"https:\/\/shop.martinconrad.de\/html\/catalog\/wp-json\/wp\/v2\/product_cat?post=72779"},{"taxonomy":"product_tag","embeddable":true,"href":"https:\/\/shop.martinconrad.de\/html\/catalog\/wp-json\/wp\/v2\/product_tag?post=72779"}],"curies":[{"name":"wp","href":"https:\/\/api.w.org\/{rel}","templated":true}]}}