{"id":72777,"date":"2025-11-04T18:26:32","date_gmt":"2025-11-04T17:26:32","guid":{"rendered":"https:\/\/shop.martinconrad.de\/html\/catalog\/produkt\/artikel-nr-19-12019-riesling-sekt-b-a-brut-60-monate-hefelager-lage-muelheimer-sonnenlay-075l\/"},"modified":"2025-11-12T13:03:12","modified_gmt":"2025-11-12T12:03:12","slug":"artikel-nr-19-12019-riesling-sekt-b-a-brut-60-monate-hefelager-lage-muelheimer-sonnenlay-075l","status":"publish","type":"product","link":"https:\/\/shop.martinconrad.de\/html\/catalog\/produkt\/artikel-nr-19-12019-riesling-sekt-b-a-brut-60-monate-hefelager-lage-muelheimer-sonnenlay-075l\/","title":{"rendered":"<br>Artikel-Nr.: 19-1<br>2019 Riesling Sekt b. A. &#8211;  BRUT &#8211; (60 Monate Hefelager &#8211; Lage: M\u00fclheimer Sonnenlay) 0,75l<br>"},"content":{"rendered":"<p><!-- IBGHTML -->Ein Spitzen-Sekt aus dem Jahrgang 2019 &#8211;&nbsp;mehr als&nbsp;<STRONG>60 Monate auf der Champagnerhefe gereift<\/STRONG>, komplett durchgegoren &#8211; ohne Dosagewein, eleganter Pfirsichduft mit feiner mineralischer W\u00fcrze, cremig elegant. &#8211; Traditionelle Flascheng\u00e4rung, feines Mousseux, eleganter Schiefer-Charakter der Lage M\u00fclheimer Sonnelay! Der Sekt wurde am <STRONG>23.10.2025 erst degorgiert (entheft) und in den Verkauf gebracht!<\/STRONG><BR><\/p>\n<table WIDTH=\"60%\" BORDER=\"0\" align=\"left\" CELLPADDING=\"0\" CELLSPACING=\"0\"><\/p>\n<tr>\n<td width=\"53%\">Artikelnummer:<\/td>\n<td width=\"47%\"><strong>19-1<\/strong><\/td>\n<\/tr>\n<p><\/p>\n<tr>\n<td>Inhalt<\/td>\n<td><strong>0,75 Ltr.<\/strong><\/td>\n<\/tr>\n<p><\/p>\n<tr>\n<td>Preis\/Ltr.<\/td>\n<td><strong>26,53 EUR pro Ltr.<\/strong><\/td>\n<\/tr>\n<p><\/p>\n<tr>\n<td>Weinart:<\/td>\n<td><strong>Wei\u00df<\/strong><\/td>\n<\/tr>\n<p><\/p>\n<tr>\n<td>Qualit&auml;tsstufe<\/td>\n<td><strong><\/strong><\/td>\n<\/tr>\n<p><\/p>\n<tr>\n<td>Rebsorte<\/td>\n<td><strong>Riesling<\/strong><\/td>\n<\/tr>\n<p><\/p>\n<tr>\n<td>Restzuckergehalt<\/td>\n<td><strong>9,3 g\/Ltr.<\/strong><\/td>\n<\/tr>\n<p><\/p>\n<tr>\n<td>Alkoholgehalt<\/td>\n<td><strong>12,5 Vol. %<\/strong><\/td>\n<\/tr>\n<p><\/p>\n<tr>\n<td>Bio:<\/td>\n<td><strong>NEIN<\/strong><\/td>\n<\/tr>\n<p><\/p>\n<tr>\n<td>vegan:<\/td>\n<td><strong>JA<\/strong><\/td>\n<\/tr>\n<p><\/p>\n<tr>\n<td>enth\u00e4lt Allergene:<\/td>\n<td><strong>Sulfite<\/strong><\/td>\n<\/tr>\n<p><\/table>\n","protected":false},"excerpt":{"rendered":"<p>Ein Spitzen-Sekt aus dem Jahrgang 2019 &#8211;&nbsp;mehr als&nbsp;60 Monate auf der Champagnerhefe gereift, komplett durchgegoren &#8211; ohne Dosagewein, eleganter Pfirsichduft mit feiner mineralischer W\u00fcrze, cremig elegant. &#8211; Traditionelle Flascheng\u00e4rung, feines Mousseux, eleganter Schiefer-Charakter der Lage M\u00fclheimer Sonnelay! Der Sekt wurde am 23.10.2025 erst degorgiert (entheft) und in den Verkauf gebracht! Artikelnummer: 19-1 Inhalt 0,75 Ltr. [&hellip;]<\/p>\n","protected":false},"featured_media":72371,"comment_status":"open","ping_status":"closed","template":"","meta":[],"product_brand":[],"product_cat":[3936],"product_tag":[],"class_list":{"0":"post-72777","1":"product","2":"type-product","3":"status-publish","4":"has-post-thumbnail","6":"product_cat-07-riesling-sekt-secco","8":"first","9":"instock","10":"taxable","11":"shipping-taxable","12":"purchasable","13":"product-type-simple"},"_links":{"self":[{"href":"https:\/\/shop.martinconrad.de\/html\/catalog\/wp-json\/wp\/v2\/product\/72777","targetHints":{"allow":["GET"]}}],"collection":[{"href":"https:\/\/shop.martinconrad.de\/html\/catalog\/wp-json\/wp\/v2\/product"}],"about":[{"href":"https:\/\/shop.martinconrad.de\/html\/catalog\/wp-json\/wp\/v2\/types\/product"}],"replies":[{"embeddable":true,"href":"https:\/\/shop.martinconrad.de\/html\/catalog\/wp-json\/wp\/v2\/comments?post=72777"}],"wp:featuredmedia":[{"embeddable":true,"href":"https:\/\/shop.martinconrad.de\/html\/catalog\/wp-json\/wp\/v2\/media\/72371"}],"wp:attachment":[{"href":"https:\/\/shop.martinconrad.de\/html\/catalog\/wp-json\/wp\/v2\/media?parent=72777"}],"wp:term":[{"taxonomy":"product_brand","embeddable":true,"href":"https:\/\/shop.martinconrad.de\/html\/catalog\/wp-json\/wp\/v2\/product_brand?post=72777"},{"taxonomy":"product_cat","embeddable":true,"href":"https:\/\/shop.martinconrad.de\/html\/catalog\/wp-json\/wp\/v2\/product_cat?post=72777"},{"taxonomy":"product_tag","embeddable":true,"href":"https:\/\/shop.martinconrad.de\/html\/catalog\/wp-json\/wp\/v2\/product_tag?post=72777"}],"curies":[{"name":"wp","href":"https:\/\/api.w.org\/{rel}","templated":true}]}}