{"id":72759,"date":"2025-10-11T17:58:15","date_gmt":"2025-10-11T16:58:15","guid":{"rendered":"https:\/\/shop.martinconrad.de\/html\/catalog\/produkt\/artikel-nr-24-012024-mosel-riesling-qualitaetswein-trocken-10l\/"},"modified":"2025-10-11T17:58:15","modified_gmt":"2025-10-11T16:58:15","slug":"artikel-nr-24-012024-mosel-riesling-qualitaetswein-trocken-10l","status":"publish","type":"product","link":"https:\/\/shop.martinconrad.de\/html\/catalog\/produkt\/artikel-nr-24-012024-mosel-riesling-qualitaetswein-trocken-10l\/","title":{"rendered":"<br>Artikel-Nr.: 24-01<br>2024 Mosel Riesling Qualit\u00e4tswein  trocken 1,0l<br>"},"content":{"rendered":"<p><!-- IBGHTML -->Ein herrlich leichter erfrischender Wein, der f\u00fcr den typischen Charakter unserer Moselrieslinge steht. Der ideale Wein f\u00fcr den t\u00e4glichen Weingenuss. Frisch,&nbsp;&nbsp;fruchtig und mit feiner Mineralit\u00e4t. Mit nat\u00fcrlichen Hefen vergoren und<br \/>zu 100% vegan vinifiziert und&nbsp;hat einen&nbsp;praktischem Drehverschluss zum Wiederverschlie\u00dfen.<\/p>\n<table WIDTH=\"60%\" BORDER=\"0\" align=\"left\" CELLPADDING=\"0\" CELLSPACING=\"0\"><\/p>\n<tr>\n<td width=\"53%\">Artikelnummer:<\/td>\n<td width=\"47%\"><strong>24-01<\/strong><\/td>\n<\/tr>\n<p><\/p>\n<tr>\n<td>Inhalt<\/td>\n<td><strong>1,0 Ltr.<\/strong><\/td>\n<\/tr>\n<p><\/p>\n<tr>\n<td>Preis\/Ltr.<\/td>\n<td><strong>12,90 EUR pro Ltr.<\/strong><\/td>\n<\/tr>\n<p><\/p>\n<tr>\n<td>Weinart:<\/td>\n<td><strong>Wei\u00dfwein<\/strong><\/td>\n<\/tr>\n<p><\/p>\n<tr>\n<td>Qualit&auml;tsstufe<\/td>\n<td><strong>Qualit\u00e4tswein<\/strong><\/td>\n<\/tr>\n<p><\/p>\n<tr>\n<td>Rebsorte<\/td>\n<td><strong>Riesling<\/strong><\/td>\n<\/tr>\n<p><\/p>\n<tr>\n<td>Restzuckergehalt<\/td>\n<td><strong>6,5 g\/Ltr.<\/strong><\/td>\n<\/tr>\n<p><\/p>\n<tr>\n<td>Alkoholgehalt<\/td>\n<td><strong>12,0 Vol. %<\/strong><\/td>\n<\/tr>\n<p><\/p>\n<tr>\n<td>Bio:<\/td>\n<td><strong>NEIN<\/strong><\/td>\n<\/tr>\n<p><\/p>\n<tr>\n<td>vegan:<\/td>\n<td><strong>JA<\/strong><\/td>\n<\/tr>\n<p><\/p>\n<tr>\n<td>enth\u00e4lt Allergene:<\/td>\n<td><strong>Sulfite<\/strong><\/td>\n<\/tr>\n<p><\/table>\n","protected":false},"excerpt":{"rendered":"<p>Ein herrlich leichter erfrischender Wein, der f\u00fcr den typischen Charakter unserer Moselrieslinge steht. Der ideale Wein f\u00fcr den t\u00e4glichen Weingenuss. Frisch,&nbsp;&nbsp;fruchtig und mit feiner Mineralit\u00e4t. Mit nat\u00fcrlichen Hefen vergoren undzu 100% vegan vinifiziert und&nbsp;hat einen&nbsp;praktischem Drehverschluss zum Wiederverschlie\u00dfen. Artikelnummer: 24-01 Inhalt 1,0 Ltr. Preis\/Ltr. 12,90 EUR pro Ltr. Weinart: Wei\u00dfwein Qualit&auml;tsstufe Qualit\u00e4tswein Rebsorte Riesling Restzuckergehalt [&hellip;]<\/p>\n","protected":false},"featured_media":72174,"comment_status":"open","ping_status":"closed","template":"","meta":[],"product_brand":[],"product_cat":[3917],"product_tag":[],"class_list":{"0":"post-72759","1":"product","2":"type-product","3":"status-publish","4":"has-post-thumbnail","6":"product_cat-02-trocken","8":"first","9":"instock","10":"taxable","11":"shipping-taxable","12":"purchasable","13":"product-type-simple"},"_links":{"self":[{"href":"https:\/\/shop.martinconrad.de\/html\/catalog\/wp-json\/wp\/v2\/product\/72759","targetHints":{"allow":["GET"]}}],"collection":[{"href":"https:\/\/shop.martinconrad.de\/html\/catalog\/wp-json\/wp\/v2\/product"}],"about":[{"href":"https:\/\/shop.martinconrad.de\/html\/catalog\/wp-json\/wp\/v2\/types\/product"}],"replies":[{"embeddable":true,"href":"https:\/\/shop.martinconrad.de\/html\/catalog\/wp-json\/wp\/v2\/comments?post=72759"}],"wp:featuredmedia":[{"embeddable":true,"href":"https:\/\/shop.martinconrad.de\/html\/catalog\/wp-json\/wp\/v2\/media\/72174"}],"wp:attachment":[{"href":"https:\/\/shop.martinconrad.de\/html\/catalog\/wp-json\/wp\/v2\/media?parent=72759"}],"wp:term":[{"taxonomy":"product_brand","embeddable":true,"href":"https:\/\/shop.martinconrad.de\/html\/catalog\/wp-json\/wp\/v2\/product_brand?post=72759"},{"taxonomy":"product_cat","embeddable":true,"href":"https:\/\/shop.martinconrad.de\/html\/catalog\/wp-json\/wp\/v2\/product_cat?post=72759"},{"taxonomy":"product_tag","embeddable":true,"href":"https:\/\/shop.martinconrad.de\/html\/catalog\/wp-json\/wp\/v2\/product_tag?post=72759"}],"curies":[{"name":"wp","href":"https:\/\/api.w.org\/{rel}","templated":true}]}}