{"id":72667,"date":"2025-06-27T12:09:03","date_gmt":"2025-06-27T11:09:03","guid":{"rendered":"https:\/\/shop.martinconrad.de\/html\/catalog\/produkt\/artikel-nr-24-132024-brauneberger-juffer-riesling-qualitaetswein-feinherb-075l\/"},"modified":"2026-03-06T16:37:30","modified_gmt":"2026-03-06T15:37:30","slug":"artikel-nr-24-132024-brauneberger-juffer-riesling-qualitaetswein-feinherb-075l","status":"publish","type":"product","link":"https:\/\/shop.martinconrad.de\/html\/catalog\/produkt\/artikel-nr-24-132024-brauneberger-juffer-riesling-qualitaetswein-feinherb-075l\/","title":{"rendered":"<br>Artikel-Nr.: 24-13<br>2024 Brauneberger Juffer Riesling Qualit\u00e4tswein  feinherb 0,75l<br>"},"content":{"rendered":"<p><!-- IBGHTML -->Ein extraktreicher Riesling aus&nbsp;Schiefersteillage Brauneberger Juffer (einer der besten der Steillagen der Mittelmosel) mit unverkennbarem Terroir-Charakter,&nbsp;elegant mineralisch leicht rauchig im Duft und Geschmack, gepaart mit feiner Rests\u00fc\u00dfe und reifer Fruchts\u00e4ure. Er wurde von Hand selektiv geerntet und mit nat\u00fcrlichen Hefen vergoren. Der Wein ist zu 100% vegan vinifiziert und \u00d6KO-Zertifiziert!<!-- IBGHTML --><\/p>\n<table WIDTH=\"60%\" BORDER=\"0\" align=\"left\" CELLPADDING=\"0\" CELLSPACING=\"0\"><\/p>\n<tr>\n<td width=\"53%\">Artikelnummer:<\/td>\n<td width=\"47%\"><strong>24-13<\/strong><\/td>\n<\/tr>\n<p><\/p>\n<tr>\n<td>Inhalt<\/td>\n<td><strong>0,75 Ltr.<\/strong><\/td>\n<\/tr>\n<p><\/p>\n<tr>\n<td>Preis\/Ltr.<\/td>\n<td><strong>23,87 EUR pro Ltr.<\/strong><\/td>\n<\/tr>\n<p><\/p>\n<tr>\n<td>Weinart:<\/td>\n<td><strong>Wei\u00dfwein<\/strong><\/td>\n<\/tr>\n<p><\/p>\n<tr>\n<td>Qualit&auml;tsstufe<\/td>\n<td><strong>Qualit\u00e4tswein<\/strong><\/td>\n<\/tr>\n<p><\/p>\n<tr>\n<td>Rebsorte<\/td>\n<td><strong>Riesling<\/strong><\/td>\n<\/tr>\n<p><\/p>\n<tr>\n<td>Restzuckergehalt<\/td>\n<td><strong>20,3 g\/Ltr.<\/strong><\/td>\n<\/tr>\n<p><\/p>\n<tr>\n<td>Alkoholgehalt<\/td>\n<td><strong>11,0 Vol. %<\/strong><\/td>\n<\/tr>\n<p><\/p>\n<tr>\n<td>Bio:<\/td>\n<td><strong>JA<\/strong><\/td>\n<\/tr>\n<p><\/p>\n<tr>\n<td>vegan:<\/td>\n<td><strong>JA<\/strong><\/td>\n<\/tr>\n<p><\/p>\n<tr>\n<td>enth\u00e4lt Allergene:<\/td>\n<td><strong>Sulfite<\/strong><\/td>\n<\/tr>\n<p><\/table>\n","protected":false},"excerpt":{"rendered":"<p>Ein extraktreicher Riesling aus&nbsp;Schiefersteillage Brauneberger Juffer (einer der besten der Steillagen der Mittelmosel) mit unverkennbarem Terroir-Charakter,&nbsp;elegant mineralisch leicht rauchig im Duft und Geschmack, gepaart mit feiner Rests\u00fc\u00dfe und reifer Fruchts\u00e4ure. Er wurde von Hand selektiv geerntet und mit nat\u00fcrlichen Hefen vergoren. Der Wein ist zu 100% vegan vinifiziert und \u00d6KO-Zertifiziert! Artikelnummer: 24-13 Inhalt 0,75 Ltr. [&hellip;]<\/p>\n","protected":false},"featured_media":72653,"comment_status":"open","ping_status":"closed","template":"","meta":[],"product_brand":[],"product_cat":[3918],"product_tag":[],"class_list":{"0":"post-72667","1":"product","2":"type-product","3":"status-publish","4":"has-post-thumbnail","6":"product_cat-04-feinherb","8":"first","9":"instock","10":"taxable","11":"shipping-taxable","12":"purchasable","13":"product-type-simple"},"_links":{"self":[{"href":"https:\/\/shop.martinconrad.de\/html\/catalog\/wp-json\/wp\/v2\/product\/72667","targetHints":{"allow":["GET"]}}],"collection":[{"href":"https:\/\/shop.martinconrad.de\/html\/catalog\/wp-json\/wp\/v2\/product"}],"about":[{"href":"https:\/\/shop.martinconrad.de\/html\/catalog\/wp-json\/wp\/v2\/types\/product"}],"replies":[{"embeddable":true,"href":"https:\/\/shop.martinconrad.de\/html\/catalog\/wp-json\/wp\/v2\/comments?post=72667"}],"wp:featuredmedia":[{"embeddable":true,"href":"https:\/\/shop.martinconrad.de\/html\/catalog\/wp-json\/wp\/v2\/media\/72653"}],"wp:attachment":[{"href":"https:\/\/shop.martinconrad.de\/html\/catalog\/wp-json\/wp\/v2\/media?parent=72667"}],"wp:term":[{"taxonomy":"product_brand","embeddable":true,"href":"https:\/\/shop.martinconrad.de\/html\/catalog\/wp-json\/wp\/v2\/product_brand?post=72667"},{"taxonomy":"product_cat","embeddable":true,"href":"https:\/\/shop.martinconrad.de\/html\/catalog\/wp-json\/wp\/v2\/product_cat?post=72667"},{"taxonomy":"product_tag","embeddable":true,"href":"https:\/\/shop.martinconrad.de\/html\/catalog\/wp-json\/wp\/v2\/product_tag?post=72667"}],"curies":[{"name":"wp","href":"https:\/\/api.w.org\/{rel}","templated":true}]}}