{"id":72664,"date":"2025-06-27T12:08:55","date_gmt":"2025-06-27T11:08:55","guid":{"rendered":"https:\/\/shop.martinconrad.de\/html\/catalog\/produkt\/artikel-nr-24-032024-brauneberger-juffer-riesling-qualitaetswein-trocken-075l-fuelldatum-juli-aug-2025-ab-sofort-vorbestellbar\/"},"modified":"2025-11-04T18:27:03","modified_gmt":"2025-11-04T17:27:03","slug":"artikel-nr-24-032024-brauneberger-juffer-riesling-qualitaetswein-trocken-075l","status":"publish","type":"product","link":"https:\/\/shop.martinconrad.de\/html\/catalog\/produkt\/artikel-nr-24-032024-brauneberger-juffer-riesling-qualitaetswein-trocken-075l\/","title":{"rendered":"<br>Artikel-Nr.: 24-03<br>2024 Brauneberger Juffer Riesling Qualit\u00e4tswein  trocken 0,75l<br>"},"content":{"rendered":"<p><!-- IBGHTML -->Ein extraktreicher trockener Riesling aus&nbsp;Schiefersteillage Brauneberger Juffer (einer der besten der Steillagen der Mittelmosel) mit unverkennbarem Terroir-Charakter,&nbsp;elegant mineralisch leicht rauchig im Duft und Geschmack, gepaart mit feiner salziger Note und reifer Fruchts\u00e4ure. Er wurde von Hand selektiv geerntet und mit nat\u00fcrlichen Hefen vergoren. Der Wein ist zu 100% vegan vinifiziert und \u00d6KO-Zertifiziert!<\/p>\n<table WIDTH=\"60%\" BORDER=\"0\" align=\"left\" CELLPADDING=\"0\" CELLSPACING=\"0\"><\/p>\n<tr>\n<td width=\"53%\">Artikelnummer:<\/td>\n<td width=\"47%\"><strong>24-03<\/strong><\/td>\n<\/tr>\n<p><\/p>\n<tr>\n<td>Inhalt<\/td>\n<td><strong>0,75 Ltr.<\/strong><\/td>\n<\/tr>\n<p><\/p>\n<tr>\n<td>Preis\/Ltr.<\/td>\n<td><strong>23,87 EUR pro Ltr.<\/strong><\/td>\n<\/tr>\n<p><\/p>\n<tr>\n<td>Weinart:<\/td>\n<td><strong>Wei\u00dfwein<\/strong><\/td>\n<\/tr>\n<p><\/p>\n<tr>\n<td>Qualit&auml;tsstufe<\/td>\n<td><strong>Qualit\u00e4tswein<\/strong><\/td>\n<\/tr>\n<p><\/p>\n<tr>\n<td>Rebsorte<\/td>\n<td><strong>Riesling<\/strong><\/td>\n<\/tr>\n<p><\/p>\n<tr>\n<td>Restzuckergehalt<\/td>\n<td><strong>4,7 g\/Ltr.<\/strong><\/td>\n<\/tr>\n<p><\/p>\n<tr>\n<td>Alkoholgehalt<\/td>\n<td><strong>12,0 Vol. %<\/strong><\/td>\n<\/tr>\n<p><\/p>\n<tr>\n<td>Bio:<\/td>\n<td><strong>JA<\/strong><\/td>\n<\/tr>\n<p><\/p>\n<tr>\n<td>vegan:<\/td>\n<td><strong>JA<\/strong><\/td>\n<\/tr>\n<p><\/p>\n<tr>\n<td>enth\u00e4lt Allergene:<\/td>\n<td><strong>Sulfite<\/strong><\/td>\n<\/tr>\n<p><\/table>\n","protected":false},"excerpt":{"rendered":"<p>Ein extraktreicher trockener Riesling aus&nbsp;Schiefersteillage Brauneberger Juffer (einer der besten der Steillagen der Mittelmosel) mit unverkennbarem Terroir-Charakter,&nbsp;elegant mineralisch leicht rauchig im Duft und Geschmack, gepaart mit feiner salziger Note und reifer Fruchts\u00e4ure. Er wurde von Hand selektiv geerntet und mit nat\u00fcrlichen Hefen vergoren. Der Wein ist zu 100% vegan vinifiziert und \u00d6KO-Zertifiziert! Artikelnummer: 24-03 Inhalt [&hellip;]<\/p>\n","protected":false},"featured_media":72646,"comment_status":"open","ping_status":"closed","template":"","meta":[],"product_brand":[],"product_cat":[3917],"product_tag":[],"class_list":{"0":"post-72664","1":"product","2":"type-product","3":"status-publish","4":"has-post-thumbnail","6":"product_cat-02-trocken","8":"first","9":"instock","10":"taxable","11":"shipping-taxable","12":"purchasable","13":"product-type-simple"},"_links":{"self":[{"href":"https:\/\/shop.martinconrad.de\/html\/catalog\/wp-json\/wp\/v2\/product\/72664","targetHints":{"allow":["GET"]}}],"collection":[{"href":"https:\/\/shop.martinconrad.de\/html\/catalog\/wp-json\/wp\/v2\/product"}],"about":[{"href":"https:\/\/shop.martinconrad.de\/html\/catalog\/wp-json\/wp\/v2\/types\/product"}],"replies":[{"embeddable":true,"href":"https:\/\/shop.martinconrad.de\/html\/catalog\/wp-json\/wp\/v2\/comments?post=72664"}],"wp:featuredmedia":[{"embeddable":true,"href":"https:\/\/shop.martinconrad.de\/html\/catalog\/wp-json\/wp\/v2\/media\/72646"}],"wp:attachment":[{"href":"https:\/\/shop.martinconrad.de\/html\/catalog\/wp-json\/wp\/v2\/media?parent=72664"}],"wp:term":[{"taxonomy":"product_brand","embeddable":true,"href":"https:\/\/shop.martinconrad.de\/html\/catalog\/wp-json\/wp\/v2\/product_brand?post=72664"},{"taxonomy":"product_cat","embeddable":true,"href":"https:\/\/shop.martinconrad.de\/html\/catalog\/wp-json\/wp\/v2\/product_cat?post=72664"},{"taxonomy":"product_tag","embeddable":true,"href":"https:\/\/shop.martinconrad.de\/html\/catalog\/wp-json\/wp\/v2\/product_tag?post=72664"}],"curies":[{"name":"wp","href":"https:\/\/api.w.org\/{rel}","templated":true}]}}