{"id":72661,"date":"2025-06-27T12:08:33","date_gmt":"2025-06-27T11:08:33","guid":{"rendered":"https:\/\/shop.martinconrad.de\/html\/catalog\/produkt\/artikel-nr-24-082024-conradus-mosel-riesling-qualitaetswein-trocken-075l\/"},"modified":"2026-03-06T16:37:11","modified_gmt":"2026-03-06T15:37:11","slug":"artikel-nr-24-082024-conradus-mosel-riesling-qualitaetswein-trocken-075l","status":"publish","type":"product","link":"https:\/\/shop.martinconrad.de\/html\/catalog\/produkt\/artikel-nr-24-082024-conradus-mosel-riesling-qualitaetswein-trocken-075l\/","title":{"rendered":"<br>Artikel-Nr.: 24-08<br>2024 CONRADUS &#8211; Mosel Riesling Qualit\u00e4tswein  trocken 0,75l<br>"},"content":{"rendered":"<p><!-- IBGHTML --><font face=\"Calibri\">Der elegante Gutsriesling aus den Schiefersteilh\u00e4ngen des Urstromtales der Mosel aus den Gemarkungen M\u00fclheim und Veldenz. Von Hand selektiv geerntet und mit nat\u00fcrlichen Hefen vergoren. Er pr\u00e4sentiert sich fein mineralisch-fruchtig mit&nbsp;elegantem S\u00fc\u00dfe-S\u00e4ure-Spiel &#8211;&nbsp;ein idealer Gesellschafts- und Terrassenwein&nbsp; Mit praktischem Drehverschluss&nbsp;abgef\u00fcllt.&nbsp;Der Wein ist zu 100% vegan vinifiziert!<\/font><strong><br \/><\/strong><\/p>\n<table WIDTH=\"60%\" BORDER=\"0\" align=\"left\" CELLPADDING=\"0\" CELLSPACING=\"0\"><\/p>\n<tr>\n<td width=\"53%\">Artikelnummer:<\/td>\n<td width=\"47%\"><strong>24-08<\/strong><\/td>\n<\/tr>\n<p><\/p>\n<tr>\n<td>Inhalt<\/td>\n<td><strong>0,75 Ltr.<\/strong><\/td>\n<\/tr>\n<p><\/p>\n<tr>\n<td>Preis\/Ltr.<\/td>\n<td><strong>16,67 EUR pro Ltr.<\/strong><\/td>\n<\/tr>\n<p><\/p>\n<tr>\n<td>Weinart:<\/td>\n<td><strong>Wei\u00dfwein<\/strong><\/td>\n<\/tr>\n<p><\/p>\n<tr>\n<td>Qualit&auml;tsstufe<\/td>\n<td><strong>Qualit\u00e4tswein<\/strong><\/td>\n<\/tr>\n<p><\/p>\n<tr>\n<td>Rebsorte<\/td>\n<td><strong>Riesling<\/strong><\/td>\n<\/tr>\n<p><\/p>\n<tr>\n<td>Restzuckergehalt<\/td>\n<td><strong>5,7 g\/Ltr.<\/strong><\/td>\n<\/tr>\n<p><\/p>\n<tr>\n<td>Alkoholgehalt<\/td>\n<td><strong>12,0 Vol. %<\/strong><\/td>\n<\/tr>\n<p><\/p>\n<tr>\n<td>Bio:<\/td>\n<td><strong>JA<\/strong><\/td>\n<\/tr>\n<p><\/p>\n<tr>\n<td>vegan:<\/td>\n<td><strong>JA<\/strong><\/td>\n<\/tr>\n<p><\/p>\n<tr>\n<td>enth\u00e4lt Allergene:<\/td>\n<td><strong>Sulfite<\/strong><\/td>\n<\/tr>\n<p><\/table>\n","protected":false},"excerpt":{"rendered":"<p>Der elegante Gutsriesling aus den Schiefersteilh\u00e4ngen des Urstromtales der Mosel aus den Gemarkungen M\u00fclheim und Veldenz. Von Hand selektiv geerntet und mit nat\u00fcrlichen Hefen vergoren. Er pr\u00e4sentiert sich fein mineralisch-fruchtig mit&nbsp;elegantem S\u00fc\u00dfe-S\u00e4ure-Spiel &#8211;&nbsp;ein idealer Gesellschafts- und Terrassenwein&nbsp; Mit praktischem Drehverschluss&nbsp;abgef\u00fcllt.&nbsp;Der Wein ist zu 100% vegan vinifiziert! Artikelnummer: 24-08 Inhalt 0,75 Ltr. Preis\/Ltr. 16,67 EUR pro [&hellip;]<\/p>\n","protected":false},"featured_media":72649,"comment_status":"open","ping_status":"closed","template":"","meta":[],"product_brand":[],"product_cat":[3917],"product_tag":[],"class_list":{"0":"post-72661","1":"product","2":"type-product","3":"status-publish","4":"has-post-thumbnail","6":"product_cat-02-trocken","8":"first","9":"instock","10":"taxable","11":"shipping-taxable","12":"purchasable","13":"product-type-simple"},"_links":{"self":[{"href":"https:\/\/shop.martinconrad.de\/html\/catalog\/wp-json\/wp\/v2\/product\/72661","targetHints":{"allow":["GET"]}}],"collection":[{"href":"https:\/\/shop.martinconrad.de\/html\/catalog\/wp-json\/wp\/v2\/product"}],"about":[{"href":"https:\/\/shop.martinconrad.de\/html\/catalog\/wp-json\/wp\/v2\/types\/product"}],"replies":[{"embeddable":true,"href":"https:\/\/shop.martinconrad.de\/html\/catalog\/wp-json\/wp\/v2\/comments?post=72661"}],"wp:featuredmedia":[{"embeddable":true,"href":"https:\/\/shop.martinconrad.de\/html\/catalog\/wp-json\/wp\/v2\/media\/72649"}],"wp:attachment":[{"href":"https:\/\/shop.martinconrad.de\/html\/catalog\/wp-json\/wp\/v2\/media?parent=72661"}],"wp:term":[{"taxonomy":"product_brand","embeddable":true,"href":"https:\/\/shop.martinconrad.de\/html\/catalog\/wp-json\/wp\/v2\/product_brand?post=72661"},{"taxonomy":"product_cat","embeddable":true,"href":"https:\/\/shop.martinconrad.de\/html\/catalog\/wp-json\/wp\/v2\/product_cat?post=72661"},{"taxonomy":"product_tag","embeddable":true,"href":"https:\/\/shop.martinconrad.de\/html\/catalog\/wp-json\/wp\/v2\/product_tag?post=72661"}],"curies":[{"name":"wp","href":"https:\/\/api.w.org\/{rel}","templated":true}]}}