{"id":72656,"date":"2025-06-27T12:08:15","date_gmt":"2025-06-27T11:08:15","guid":{"rendered":"https:\/\/shop.martinconrad.de\/html\/catalog\/produkt\/artikel-nr-23-432023-mc-spaetburgunder-vom-vulkangestein-ahr-qualitaetswein-trocken\/"},"modified":"2025-11-22T15:17:17","modified_gmt":"2025-11-22T14:17:17","slug":"artikel-nr-23-432023-mc-spaetburgunder-vom-vulkangestein-ahr-qualitaetswein-trocken","status":"publish","type":"product","link":"https:\/\/shop.martinconrad.de\/html\/catalog\/produkt\/artikel-nr-23-432023-mc-spaetburgunder-vom-vulkangestein-ahr-qualitaetswein-trocken\/","title":{"rendered":"<br>Artikel-Nr.: 23-43<br>2023 MC Sp\u00e4tburgunder vom Vulkangestein &#8211; AHR Qualit\u00e4tswein &#8211; trocken *<br>"},"content":{"rendered":"<p><!-- IBGHTML -->Ein Pinot Noir (Sp\u00e4tburgunder) von einem befreundeten Weingut an der AHR, der an gute Cru-Qualit\u00e4ten aus Burgund erinnert. Edle rubinrote Farbe, sehr gute Tanninstruktur, fruchtig-w\u00fcrzige Burgunderart. Im gro\u00dfen Eichenholzfass gereift. <\/p>\n<table WIDTH=\"60%\" BORDER=\"0\" align=\"left\" CELLPADDING=\"0\" CELLSPACING=\"0\"><\/p>\n<tr>\n<td width=\"53%\">Artikelnummer:<\/td>\n<td width=\"47%\"><strong>23-43<\/strong><\/td>\n<\/tr>\n<p><\/p>\n<tr>\n<td>Inhalt<\/td>\n<td><strong>0,75 Ltr.<\/strong><\/td>\n<\/tr>\n<p><\/p>\n<tr>\n<td>Preis\/Ltr.<\/td>\n<td><strong>22,53 EUR pro Ltr.<\/strong><\/td>\n<\/tr>\n<p><\/p>\n<tr>\n<td>Weinart:<\/td>\n<td><strong><\/strong><\/td>\n<\/tr>\n<p><\/p>\n<tr>\n<td>Qualit&auml;tsstufe<\/td>\n<td><strong><\/strong><\/td>\n<\/tr>\n<p><\/p>\n<tr>\n<td>Rebsorte<\/td>\n<td><strong><\/strong><\/td>\n<\/tr>\n<p><\/p>\n<tr>\n<td>Restzuckergehalt<\/td>\n<td><strong>2,5 g\/Ltr.<\/strong><\/td>\n<\/tr>\n<p><\/p>\n<tr>\n<td>Alkoholgehalt<\/td>\n<td><strong>12,5 Vol. %<\/strong><\/td>\n<\/tr>\n<p><\/p>\n<tr>\n<td>Bio:<\/td>\n<td><strong>NEIN<\/strong><\/td>\n<\/tr>\n<p><\/p>\n<tr>\n<td>vegan:<\/td>\n<td><strong>NEIN<\/strong><\/td>\n<\/tr>\n<p><\/p>\n<tr>\n<td>enth\u00e4lt Allergene:<\/td>\n<td><strong>Sulfite<\/strong><\/td>\n<\/tr>\n<p><\/table>\n","protected":false},"excerpt":{"rendered":"<p>Ein Pinot Noir (Sp\u00e4tburgunder) von einem befreundeten Weingut an der AHR, der an gute Cru-Qualit\u00e4ten aus Burgund erinnert. Edle rubinrote Farbe, sehr gute Tanninstruktur, fruchtig-w\u00fcrzige Burgunderart. Im gro\u00dfen Eichenholzfass gereift. Artikelnummer: 23-43 Inhalt 0,75 Ltr. Preis\/Ltr. 22,53 EUR pro Ltr. Weinart: Qualit&auml;tsstufe Rebsorte Restzuckergehalt 2,5 g\/Ltr. Alkoholgehalt 12,5 Vol. % Bio: NEIN vegan: NEIN enth\u00e4lt [&hellip;]<\/p>\n","protected":false},"featured_media":71754,"comment_status":"open","ping_status":"closed","template":"","meta":[],"product_brand":[],"product_cat":[3923],"product_tag":[],"class_list":{"0":"post-72656","1":"product","2":"type-product","3":"status-publish","4":"has-post-thumbnail","6":"product_cat-09-rotweine-von-der-ahr","8":"first","9":"instock","10":"taxable","11":"shipping-taxable","12":"purchasable","13":"product-type-simple"},"_links":{"self":[{"href":"https:\/\/shop.martinconrad.de\/html\/catalog\/wp-json\/wp\/v2\/product\/72656","targetHints":{"allow":["GET"]}}],"collection":[{"href":"https:\/\/shop.martinconrad.de\/html\/catalog\/wp-json\/wp\/v2\/product"}],"about":[{"href":"https:\/\/shop.martinconrad.de\/html\/catalog\/wp-json\/wp\/v2\/types\/product"}],"replies":[{"embeddable":true,"href":"https:\/\/shop.martinconrad.de\/html\/catalog\/wp-json\/wp\/v2\/comments?post=72656"}],"wp:featuredmedia":[{"embeddable":true,"href":"https:\/\/shop.martinconrad.de\/html\/catalog\/wp-json\/wp\/v2\/media\/71754"}],"wp:attachment":[{"href":"https:\/\/shop.martinconrad.de\/html\/catalog\/wp-json\/wp\/v2\/media?parent=72656"}],"wp:term":[{"taxonomy":"product_brand","embeddable":true,"href":"https:\/\/shop.martinconrad.de\/html\/catalog\/wp-json\/wp\/v2\/product_brand?post=72656"},{"taxonomy":"product_cat","embeddable":true,"href":"https:\/\/shop.martinconrad.de\/html\/catalog\/wp-json\/wp\/v2\/product_cat?post=72656"},{"taxonomy":"product_tag","embeddable":true,"href":"https:\/\/shop.martinconrad.de\/html\/catalog\/wp-json\/wp\/v2\/product_tag?post=72656"}],"curies":[{"name":"wp","href":"https:\/\/api.w.org\/{rel}","templated":true}]}}