{"id":72632,"date":"2025-05-16T13:37:26","date_gmt":"2025-05-16T12:37:26","guid":{"rendered":"https:\/\/shop.martinconrad.de\/html\/catalog\/produkt\/artikel-nr-22-52-12022-kestener-paulinshofberg-auf-der-schale-vergoren-22-monate-im-tank-gereift-riesling-qualitaetswein-trocken-075l-limitierte-edition\/"},"modified":"2025-11-04T18:26:27","modified_gmt":"2025-11-04T17:26:27","slug":"artikel-nr-22-522022-kestener-paulinshofberg-auf-der-schale-vergoren-22-monate-im-tank-gereift-riesling-qualitaetswein-trocken-075l-limitierte-edition","status":"publish","type":"product","link":"https:\/\/shop.martinconrad.de\/html\/catalog\/produkt\/artikel-nr-22-522022-kestener-paulinshofberg-auf-der-schale-vergoren-22-monate-im-tank-gereift-riesling-qualitaetswein-trocken-075l-limitierte-edition\/","title":{"rendered":"<br>Artikel-Nr.: 22-52<br>2022 Kestener Paulinshofberg (auf der Schale vergoren, 22 Monate im Tank gereift) Riesling Qualit\u00e4tswein  trocken 0,75l (Limitierte Edition)<br>"},"content":{"rendered":"<p><!-- IBGHTML --><FONT face=\"Calibri\">Terroirgepr\u00e4gter Riesling vom rockigen Schiefersteilhang der&nbsp;Gro\u00dfe-Gew\u00e4chs-Lage&nbsp;Kestener Paulinshofberg, aus biologischem Weinbau, selektiv von Hand gelesen, auf der Schale spontan vergoren, 22 Monate auf der Hefe im Tank gereift &#8211; vinifziert von Susanne Conrad.<STRONG> Limitierte Auflage:&nbsp;712 Flaschen, einzeln nummeriert. Maximal&nbsp;24 Flaschen pro Kunde.<\/STRONG> Bei 11-12 Grad Celsius Trinktemperatur ideal im Burgunderglas. <BR><BR><STRONG>1,5 L MAGNUM<\/STRONG> limitierte Edition: 100 Flaschen (auf Anfrage).<BR><BR><\/FONT><br \/><P><SPAN lang=\"DE-CH\"><FONT face=\"Calibri\">TRINK Magazine: \u00abAusdrucksstark im Gaumen mit edlen Tanninen, trocken und komplex, lagerf\u00e4hig.&#8220;<\/FONT><\/SPAN><\/P><\/p>\n<table WIDTH=\"60%\" BORDER=\"0\" align=\"left\" CELLPADDING=\"0\" CELLSPACING=\"0\"><\/p>\n<tr>\n<td width=\"53%\">Artikelnummer:<\/td>\n<td width=\"47%\"><strong>22-52<\/strong><\/td>\n<\/tr>\n<p><\/p>\n<tr>\n<td>Inhalt<\/td>\n<td><strong>0,75 Ltr.<\/strong><\/td>\n<\/tr>\n<p><\/p>\n<tr>\n<td>Preis\/Ltr.<\/td>\n<td><strong>56,00 EUR pro Ltr.<\/strong><\/td>\n<\/tr>\n<p><\/p>\n<tr>\n<td>Weinart:<\/td>\n<td><strong>Wei\u00dfwein<\/strong><\/td>\n<\/tr>\n<p><\/p>\n<tr>\n<td>Qualit&auml;tsstufe<\/td>\n<td><strong>Qualit\u00e4tswein<\/strong><\/td>\n<\/tr>\n<p><\/p>\n<tr>\n<td>Rebsorte<\/td>\n<td><strong>Riesling<\/strong><\/td>\n<\/tr>\n<p><\/p>\n<tr>\n<td>Restzuckergehalt<\/td>\n<td><strong>0,4 g\/Ltr.<\/strong><\/td>\n<\/tr>\n<p><\/p>\n<tr>\n<td>Alkoholgehalt<\/td>\n<td><strong>11,5 Vol. %<\/strong><\/td>\n<\/tr>\n<p><\/p>\n<tr>\n<td>Bio:<\/td>\n<td><strong>JA<\/strong><\/td>\n<\/tr>\n<p><\/p>\n<tr>\n<td>vegan:<\/td>\n<td><strong>JA<\/strong><\/td>\n<\/tr>\n<p><\/p>\n<tr>\n<td>enth\u00e4lt Allergene:<\/td>\n<td><strong>Sulfite<\/strong><\/td>\n<\/tr>\n<p><\/table>\n","protected":false},"excerpt":{"rendered":"<p>Terroirgepr\u00e4gter Riesling vom rockigen Schiefersteilhang der&nbsp;Gro\u00dfe-Gew\u00e4chs-Lage&nbsp;Kestener Paulinshofberg, aus biologischem Weinbau, selektiv von Hand gelesen, auf der Schale spontan vergoren, 22 Monate auf der Hefe im Tank gereift &#8211; vinifziert von Susanne Conrad. Limitierte Auflage:&nbsp;712 Flaschen, einzeln nummeriert. Maximal&nbsp;24 Flaschen pro Kunde. Bei 11-12 Grad Celsius Trinktemperatur ideal im Burgunderglas. 1,5 L MAGNUM limitierte Edition: 100 [&hellip;]<\/p>\n","protected":false},"featured_media":71883,"comment_status":"open","ping_status":"closed","template":"","meta":[],"product_brand":[],"product_cat":[3916],"product_tag":[],"class_list":{"0":"post-72632","1":"product","2":"type-product","3":"status-publish","4":"has-post-thumbnail","6":"product_cat-10-schalentier-riesling","8":"first","9":"instock","10":"taxable","11":"shipping-taxable","12":"purchasable","13":"product-type-simple"},"_links":{"self":[{"href":"https:\/\/shop.martinconrad.de\/html\/catalog\/wp-json\/wp\/v2\/product\/72632","targetHints":{"allow":["GET"]}}],"collection":[{"href":"https:\/\/shop.martinconrad.de\/html\/catalog\/wp-json\/wp\/v2\/product"}],"about":[{"href":"https:\/\/shop.martinconrad.de\/html\/catalog\/wp-json\/wp\/v2\/types\/product"}],"replies":[{"embeddable":true,"href":"https:\/\/shop.martinconrad.de\/html\/catalog\/wp-json\/wp\/v2\/comments?post=72632"}],"wp:featuredmedia":[{"embeddable":true,"href":"https:\/\/shop.martinconrad.de\/html\/catalog\/wp-json\/wp\/v2\/media\/71883"}],"wp:attachment":[{"href":"https:\/\/shop.martinconrad.de\/html\/catalog\/wp-json\/wp\/v2\/media?parent=72632"}],"wp:term":[{"taxonomy":"product_brand","embeddable":true,"href":"https:\/\/shop.martinconrad.de\/html\/catalog\/wp-json\/wp\/v2\/product_brand?post=72632"},{"taxonomy":"product_cat","embeddable":true,"href":"https:\/\/shop.martinconrad.de\/html\/catalog\/wp-json\/wp\/v2\/product_cat?post=72632"},{"taxonomy":"product_tag","embeddable":true,"href":"https:\/\/shop.martinconrad.de\/html\/catalog\/wp-json\/wp\/v2\/product_tag?post=72632"}],"curies":[{"name":"wp","href":"https:\/\/api.w.org\/{rel}","templated":true}]}}