{"id":72432,"date":"2024-11-24T14:42:23","date_gmt":"2024-11-24T13:42:23","guid":{"rendered":"https:\/\/shop.martinconrad.de\/html\/catalog\/produkt\/artikel-nr-juffer-6terroirerlebnis-juffer-paket-mit-je-einmal-wein-nr-20-04-22-04-23-04-20-05-21-05-22-05-paketpreis-fuer-6-flaschen-a-075-l-statt-16660-e-fuer-nur-14900-e\/"},"modified":"2026-03-17T11:51:27","modified_gmt":"2026-03-17T10:51:27","slug":"artikel-nr-juffer-6terroirerlebnis-juffer-paket-mit-je-einmal-wein-nr-20-04-21-04-23-04-20-05-21-05-22-05-paketpreis-fuer-6-flaschen-a-075-l-statt-16660-e-fuer-nur-14900-e","status":"publish","type":"product","link":"https:\/\/shop.martinconrad.de\/html\/catalog\/produkt\/artikel-nr-juffer-6terroirerlebnis-juffer-paket-mit-je-einmal-wein-nr-20-04-21-04-23-04-20-05-21-05-22-05-paketpreis-fuer-6-flaschen-a-075-l-statt-16660-e-fuer-nur-14900-e\/","title":{"rendered":"<br>Artikel-Nr.: Juffer-6<br>TERROIRERLEBNIS &#8211; JUFFER &#8211; Paket mit je einmal Wein-Nr.: 20-04, 21-04, 23-04, 20-05, 21-05, 22-05 &#8211; Paketpreis f\u00fcr 6 Flaschen \u00e1 0,75 l: statt 166,60 \u20ac f\u00fcr nur 149,00 \u20ac<br>"},"content":{"rendered":"<p><!-- IBGHTML --><font size=\"2\"><font face=\"Calibri\"><strong>TERROIRERLEBNIS&nbsp;&#8222;JUFFER&#8220; <\/strong>(Nr. Juffer-6)<br \/>Genie\u00dfen Sie die <strong>Koplexit\u00e4t<\/strong> und <strong>Vieschichtigkeit<\/strong> unserer <strong>Grosses-Gew\u00e4chs (GG)&nbsp;Lage<\/strong> <strong>Brauneberger Juffer.<\/strong> Das Weinpaket, dass die GG-Lage authentisch und genussvoll in Szene setzt &#8211; \u00fcberraschen Sie Familie und Freunde mit einem <strong>facettenreichen Genussfeuerwerk<\/strong> aus einer der TOP-Lagen der Mosel.<br \/>Paket mit&nbsp;je einmal Wein-Nr.: 20-04, 21-04, 23-04 (Goldkapsel-Qualit\u00e4ten) und&nbsp;20-05, 21-05, 22-05 (GG-Qualit\u00e4ten)<br \/>Paketpreis f\u00fcr&nbsp;6 Flaschen \u00e1 0,75 l: statt 166,60 \u20ac f\u00fcr <\/font><\/font><font face=\"Calibri\" size=\"2\"><strong>nur 149,00 \u20ac<\/strong><\/font><\/p>\n<table WIDTH=\"60%\" BORDER=\"0\" align=\"left\" CELLPADDING=\"0\" CELLSPACING=\"0\"><\/p>\n<tr>\n<td width=\"53%\">Artikelnummer:<\/td>\n<td width=\"47%\"><strong>Juffer-6<\/strong><\/td>\n<\/tr>\n<p><\/p>\n<tr>\n<td>Inhalt<\/td>\n<td><strong><\/strong><\/td>\n<\/tr>\n<p><\/p>\n<tr>\n<td>Preis\/Ltr.<\/td>\n<td><strong><\/strong><\/td>\n<\/tr>\n<p><\/p>\n<tr>\n<td>Weinart:<\/td>\n<td><strong><\/strong><\/td>\n<\/tr>\n<p><\/p>\n<tr>\n<td>Qualit&auml;tsstufe<\/td>\n<td><strong><\/strong><\/td>\n<\/tr>\n<p><\/p>\n<tr>\n<td>Rebsorte<\/td>\n<td><strong><\/strong><\/td>\n<\/tr>\n<p><\/p>\n<tr>\n<td>Restzuckergehalt<\/td>\n<td><strong><\/strong><\/td>\n<\/tr>\n<p><\/p>\n<tr>\n<td>Alkoholgehalt<\/td>\n<td><strong><\/strong><\/td>\n<\/tr>\n<p><\/p>\n<tr>\n<td>Bio:<\/td>\n<td><strong>NEIN<\/strong><\/td>\n<\/tr>\n<p><\/p>\n<tr>\n<td>vegan:<\/td>\n<td><strong>NEIN<\/strong><\/td>\n<\/tr>\n<p><\/p>\n<tr>\n<td>enth\u00e4lt Allergene:<\/td>\n<td><strong>Sulfite<\/strong><\/td>\n<\/tr>\n<p><\/table>\n","protected":false},"excerpt":{"rendered":"<p>TERROIRERLEBNIS&nbsp;&#8222;JUFFER&#8220; (Nr. Juffer-6)Genie\u00dfen Sie die Koplexit\u00e4t und Vieschichtigkeit unserer Grosses-Gew\u00e4chs (GG)&nbsp;Lage Brauneberger Juffer. Das Weinpaket, dass die GG-Lage authentisch und genussvoll in Szene setzt &#8211; \u00fcberraschen Sie Familie und Freunde mit einem facettenreichen Genussfeuerwerk aus einer der TOP-Lagen der Mosel.Paket mit&nbsp;je einmal Wein-Nr.: 20-04, 21-04, 23-04 (Goldkapsel-Qualit\u00e4ten) und&nbsp;20-05, 21-05, 22-05 (GG-Qualit\u00e4ten)Paketpreis f\u00fcr&nbsp;6 Flaschen \u00e1 0,75 [&hellip;]<\/p>\n","protected":false},"featured_media":72429,"comment_status":"open","ping_status":"closed","template":"","meta":[],"product_brand":[],"product_cat":[3929],"product_tag":[],"class_list":{"0":"post-72432","1":"product","2":"type-product","3":"status-publish","4":"has-post-thumbnail","6":"product_cat-01-probierpakete-patenschaften-uvm","8":"first","9":"instock","10":"taxable","11":"shipping-taxable","12":"purchasable","13":"product-type-simple"},"_links":{"self":[{"href":"https:\/\/shop.martinconrad.de\/html\/catalog\/wp-json\/wp\/v2\/product\/72432","targetHints":{"allow":["GET"]}}],"collection":[{"href":"https:\/\/shop.martinconrad.de\/html\/catalog\/wp-json\/wp\/v2\/product"}],"about":[{"href":"https:\/\/shop.martinconrad.de\/html\/catalog\/wp-json\/wp\/v2\/types\/product"}],"replies":[{"embeddable":true,"href":"https:\/\/shop.martinconrad.de\/html\/catalog\/wp-json\/wp\/v2\/comments?post=72432"}],"wp:featuredmedia":[{"embeddable":true,"href":"https:\/\/shop.martinconrad.de\/html\/catalog\/wp-json\/wp\/v2\/media\/72429"}],"wp:attachment":[{"href":"https:\/\/shop.martinconrad.de\/html\/catalog\/wp-json\/wp\/v2\/media?parent=72432"}],"wp:term":[{"taxonomy":"product_brand","embeddable":true,"href":"https:\/\/shop.martinconrad.de\/html\/catalog\/wp-json\/wp\/v2\/product_brand?post=72432"},{"taxonomy":"product_cat","embeddable":true,"href":"https:\/\/shop.martinconrad.de\/html\/catalog\/wp-json\/wp\/v2\/product_cat?post=72432"},{"taxonomy":"product_tag","embeddable":true,"href":"https:\/\/shop.martinconrad.de\/html\/catalog\/wp-json\/wp\/v2\/product_tag?post=72432"}],"curies":[{"name":"wp","href":"https:\/\/api.w.org\/{rel}","templated":true}]}}