{"id":72216,"date":"2024-06-05T11:39:04","date_gmt":"2024-06-05T10:39:04","guid":{"rendered":"https:\/\/shop.martinconrad.de\/html\/catalog\/?product=artikel-nr-23-142023-brauneberger-juffer-goldkapsel-riesling-qualitaetswein-feinherb-075l-ab-ende-juni-2024-verfuegbar"},"modified":"2026-03-06T16:37:36","modified_gmt":"2026-03-06T15:37:36","slug":"artikel-nr-23-142023-brauneberger-juffer-goldkapsel-riesling-qualitaetswein-feinherb-075l-bio-wein","status":"publish","type":"product","link":"https:\/\/shop.martinconrad.de\/html\/catalog\/produkt\/artikel-nr-23-142023-brauneberger-juffer-goldkapsel-riesling-qualitaetswein-feinherb-075l-bio-wein\/","title":{"rendered":"<br>Artikel-Nr.: 23-14<br>2023 Brauneberger Juffer GOLDKAPSEL Riesling Qualit\u00e4tswein  feinherb 0,75l  (BIO-WEIN)<br>"},"content":{"rendered":"<p><!-- IBGHTML -->Hochwertige handverlesene Selektion von optimal ausgereiften&nbsp;Trauben und teilweise rosinierten Beeren (5-10%)&nbsp;bei sehr kleiner Erntemenge pro Rebstock,&nbsp;besonders extraktreich, mineralisch-fruchtig und w\u00fcrzig im Geschmack mit dezenter Rests\u00fc\u00dfe. Der Wein wurde ausschlie\u00dflich mit nat\u00fcrlichen Hefen vergoren und ist zu 100% VEGAN vinifiziert. Ein Wein mit&nbsp;gutem Reifepotential f\u00fcr die kommenden 5-10 Jahre und ein hervorragender Begleiter zu aromatischen Speisen, leichten Blauschinnelk\u00e4sen und Pasteten. <\/p>\n<table WIDTH=\"60%\" BORDER=\"0\" align=\"left\" CELLPADDING=\"0\" CELLSPACING=\"0\"><\/p>\n<tr>\n<td width=\"53%\">Artikelnummer:<\/td>\n<td width=\"47%\"><strong>23-14<\/strong><\/td>\n<\/tr>\n<p><\/p>\n<tr>\n<td>Inhalt<\/td>\n<td><strong>0,75 Ltr.<\/strong><\/td>\n<\/tr>\n<p><\/p>\n<tr>\n<td>Preis\/Ltr.<\/td>\n<td><strong>33,20 EUR pro Ltr.<\/strong><\/td>\n<\/tr>\n<p><\/p>\n<tr>\n<td>Weinart:<\/td>\n<td><strong>Wei\u00dfwein<\/strong><\/td>\n<\/tr>\n<p><\/p>\n<tr>\n<td>Qualit&auml;tsstufe<\/td>\n<td><strong>Qualit\u00e4tswein<\/strong><\/td>\n<\/tr>\n<p><\/p>\n<tr>\n<td>Rebsorte<\/td>\n<td><strong>Riesling<\/strong><\/td>\n<\/tr>\n<p><\/p>\n<tr>\n<td>Restzuckergehalt<\/td>\n<td><strong>11,5 g\/Ltr.<\/strong><\/td>\n<\/tr>\n<p><\/p>\n<tr>\n<td>Alkoholgehalt<\/td>\n<td><strong>11,0 Vol. %<\/strong><\/td>\n<\/tr>\n<p><\/p>\n<tr>\n<td>Bio:<\/td>\n<td><strong>JA<\/strong><\/td>\n<\/tr>\n<p><\/p>\n<tr>\n<td>vegan:<\/td>\n<td><strong>JA<\/strong><\/td>\n<\/tr>\n<p><\/p>\n<tr>\n<td>enth\u00e4lt Allergene:<\/td>\n<td><strong>Sulfite<\/strong><\/td>\n<\/tr>\n<p><\/table>\n","protected":false},"excerpt":{"rendered":"<p>Hochwertige handverlesene Selektion von optimal ausgereiften&nbsp;Trauben und teilweise rosinierten Beeren (5-10%)&nbsp;bei sehr kleiner Erntemenge pro Rebstock,&nbsp;besonders extraktreich, mineralisch-fruchtig und w\u00fcrzig im Geschmack mit dezenter Rests\u00fc\u00dfe. Der Wein wurde ausschlie\u00dflich mit nat\u00fcrlichen Hefen vergoren und ist zu 100% VEGAN vinifiziert. Ein Wein mit&nbsp;gutem Reifepotential f\u00fcr die kommenden 5-10 Jahre und ein hervorragender Begleiter zu aromatischen Speisen, [&hellip;]<\/p>\n","protected":false},"featured_media":72213,"comment_status":"open","ping_status":"closed","template":"","meta":[],"product_brand":[],"product_cat":[3918],"product_tag":[],"class_list":{"0":"post-72216","1":"product","2":"type-product","3":"status-publish","4":"has-post-thumbnail","6":"product_cat-04-feinherb","8":"first","9":"instock","10":"taxable","11":"shipping-taxable","12":"purchasable","13":"product-type-simple"},"_links":{"self":[{"href":"https:\/\/shop.martinconrad.de\/html\/catalog\/wp-json\/wp\/v2\/product\/72216","targetHints":{"allow":["GET"]}}],"collection":[{"href":"https:\/\/shop.martinconrad.de\/html\/catalog\/wp-json\/wp\/v2\/product"}],"about":[{"href":"https:\/\/shop.martinconrad.de\/html\/catalog\/wp-json\/wp\/v2\/types\/product"}],"replies":[{"embeddable":true,"href":"https:\/\/shop.martinconrad.de\/html\/catalog\/wp-json\/wp\/v2\/comments?post=72216"}],"wp:featuredmedia":[{"embeddable":true,"href":"https:\/\/shop.martinconrad.de\/html\/catalog\/wp-json\/wp\/v2\/media\/72213"}],"wp:attachment":[{"href":"https:\/\/shop.martinconrad.de\/html\/catalog\/wp-json\/wp\/v2\/media?parent=72216"}],"wp:term":[{"taxonomy":"product_brand","embeddable":true,"href":"https:\/\/shop.martinconrad.de\/html\/catalog\/wp-json\/wp\/v2\/product_brand?post=72216"},{"taxonomy":"product_cat","embeddable":true,"href":"https:\/\/shop.martinconrad.de\/html\/catalog\/wp-json\/wp\/v2\/product_cat?post=72216"},{"taxonomy":"product_tag","embeddable":true,"href":"https:\/\/shop.martinconrad.de\/html\/catalog\/wp-json\/wp\/v2\/product_tag?post=72216"}],"curies":[{"name":"wp","href":"https:\/\/api.w.org\/{rel}","templated":true}]}}