{"id":72184,"date":"2024-05-17T08:32:03","date_gmt":"2024-05-17T07:32:03","guid":{"rendered":"https:\/\/shop.martinconrad.de\/html\/catalog\/?product=artikel-nr-23-232023-brauneberger-juffer-riesling-spaetlese-075l-bio-wein"},"modified":"2026-03-06T16:37:08","modified_gmt":"2026-03-06T15:37:08","slug":"artikel-nr-23-232023-brauneberger-juffer-riesling-spaetlese-075l-bio-wein-91-100-falstaff-punkten","status":"publish","type":"product","link":"https:\/\/shop.martinconrad.de\/html\/catalog\/produkt\/artikel-nr-23-232023-brauneberger-juffer-riesling-spaetlese-075l-bio-wein-91-100-falstaff-punkten\/","title":{"rendered":"<br>Artikel-Nr.: 23-23<br>2023 Brauneberger Juffer Riesling Sp\u00e4tlese  0,75l (BIO-WEIN) &#8211; 91+ \/ 100 FALSTAFF-Punkten<br>"},"content":{"rendered":"<p><!-- IBGHTML -->Chakatervoller&nbsp;fruchtig s\u00fc\u00dfer Riesling aus&nbsp;der Schiefersteillage Brauneberger Juffer (einer der besten der Steillagen der Mittelmosel) mit unverkennbaremTerroir-Charakter:&nbsp;elegant, mineralisch, leicht rauchig im Duft und Geschmack, gepaart mit feiner salziger Note, saftiger S\u00fc\u00dfe&nbsp;und reifer belebender Fruchts\u00e4ure. Er wurde von Hand selektiv geerntet und mit nat\u00fcrlichen Hefen vergoren. Der Wein ist zu 100% vegan vinifiziert und \u00d6KO-Zertifiziert!<br \/>Ein Genuss zu z.B. Ziegenfrischk\u00e4se mit Honig &amp; Waln\u00fcssen, Apfeltarte,  &#8211; perfekt&nbsp;f\u00fcr Liebhaber fruchts\u00fcsser Weine! <\/p>\n<table WIDTH=\"60%\" BORDER=\"0\" align=\"left\" CELLPADDING=\"0\" CELLSPACING=\"0\"><\/p>\n<tr>\n<td width=\"53%\">Artikelnummer:<\/td>\n<td width=\"47%\"><strong>23-23<\/strong><\/td>\n<\/tr>\n<p><\/p>\n<tr>\n<td>Inhalt<\/td>\n<td><strong>0,75 Ltr.<\/strong><\/td>\n<\/tr>\n<p><\/p>\n<tr>\n<td>Preis\/Ltr.<\/td>\n<td><strong>23,87 EUR pro Ltr.<\/strong><\/td>\n<\/tr>\n<p><\/p>\n<tr>\n<td>Weinart:<\/td>\n<td><strong>Wei\u00dfwein<\/strong><\/td>\n<\/tr>\n<p><\/p>\n<tr>\n<td>Qualit&auml;tsstufe<\/td>\n<td><strong>Sp\u00e4tlese<\/strong><\/td>\n<\/tr>\n<p><\/p>\n<tr>\n<td>Rebsorte<\/td>\n<td><strong>Riesling<\/strong><\/td>\n<\/tr>\n<p><\/p>\n<tr>\n<td>Restzuckergehalt<\/td>\n<td><strong>56,8 g\/Ltr.<\/strong><\/td>\n<\/tr>\n<p><\/p>\n<tr>\n<td>Alkoholgehalt<\/td>\n<td><strong>8,5 Vol. %<\/strong><\/td>\n<\/tr>\n<p><\/p>\n<tr>\n<td>Bio:<\/td>\n<td><strong>JA<\/strong><\/td>\n<\/tr>\n<p><\/p>\n<tr>\n<td>vegan:<\/td>\n<td><strong>JA<\/strong><\/td>\n<\/tr>\n<p><\/p>\n<tr>\n<td>enth\u00e4lt Allergene:<\/td>\n<td><strong>Sulfite<\/strong><\/td>\n<\/tr>\n<p><\/table>\n","protected":false},"excerpt":{"rendered":"<p>Chakatervoller&nbsp;fruchtig s\u00fc\u00dfer Riesling aus&nbsp;der Schiefersteillage Brauneberger Juffer (einer der besten der Steillagen der Mittelmosel) mit unverkennbaremTerroir-Charakter:&nbsp;elegant, mineralisch, leicht rauchig im Duft und Geschmack, gepaart mit feiner salziger Note, saftiger S\u00fc\u00dfe&nbsp;und reifer belebender Fruchts\u00e4ure. Er wurde von Hand selektiv geerntet und mit nat\u00fcrlichen Hefen vergoren. Der Wein ist zu 100% vegan vinifiziert und \u00d6KO-Zertifiziert!Ein Genuss zu [&hellip;]<\/p>\n","protected":false},"featured_media":72183,"comment_status":"open","ping_status":"closed","template":"","meta":[],"product_brand":[],"product_cat":[3922],"product_tag":[],"class_list":{"0":"post-72184","1":"product","2":"type-product","3":"status-publish","4":"has-post-thumbnail","6":"product_cat-05-fruchtig-suess","8":"first","9":"instock","10":"taxable","11":"shipping-taxable","12":"purchasable","13":"product-type-simple"},"_links":{"self":[{"href":"https:\/\/shop.martinconrad.de\/html\/catalog\/wp-json\/wp\/v2\/product\/72184","targetHints":{"allow":["GET"]}}],"collection":[{"href":"https:\/\/shop.martinconrad.de\/html\/catalog\/wp-json\/wp\/v2\/product"}],"about":[{"href":"https:\/\/shop.martinconrad.de\/html\/catalog\/wp-json\/wp\/v2\/types\/product"}],"replies":[{"embeddable":true,"href":"https:\/\/shop.martinconrad.de\/html\/catalog\/wp-json\/wp\/v2\/comments?post=72184"}],"wp:featuredmedia":[{"embeddable":true,"href":"https:\/\/shop.martinconrad.de\/html\/catalog\/wp-json\/wp\/v2\/media\/72183"}],"wp:attachment":[{"href":"https:\/\/shop.martinconrad.de\/html\/catalog\/wp-json\/wp\/v2\/media?parent=72184"}],"wp:term":[{"taxonomy":"product_brand","embeddable":true,"href":"https:\/\/shop.martinconrad.de\/html\/catalog\/wp-json\/wp\/v2\/product_brand?post=72184"},{"taxonomy":"product_cat","embeddable":true,"href":"https:\/\/shop.martinconrad.de\/html\/catalog\/wp-json\/wp\/v2\/product_cat?post=72184"},{"taxonomy":"product_tag","embeddable":true,"href":"https:\/\/shop.martinconrad.de\/html\/catalog\/wp-json\/wp\/v2\/product_tag?post=72184"}],"curies":[{"name":"wp","href":"https:\/\/api.w.org\/{rel}","templated":true}]}}