{"id":71870,"date":"2023-08-17T11:34:50","date_gmt":"2023-08-17T10:34:50","guid":{"rendered":"https:\/\/shop.martinconrad.de\/html\/catalog\/?product=artikel-nr-20-042020-brauneberger-juffer-goldkapsel-riesling-qualitaetswein-trocken-075l-ausgezeichnet-mit-goldmedaille-berliner-wein-trophy-2023-92-100-punkten-vom-falstaff-weinguide-2022"},"modified":"2026-03-17T11:51:45","modified_gmt":"2026-03-17T10:51:45","slug":"artikel-nr-20-042020-brauneberger-juffer-goldkapsel-riesling-qualitaetswein-trocken-075l-ausgezeichnet-mit-goldmedaille-berliner-wein-trophy-2023-92-100-punkten-vom-falstaff-weinguide-2022","status":"publish","type":"product","link":"https:\/\/shop.martinconrad.de\/html\/catalog\/produkt\/artikel-nr-20-042020-brauneberger-juffer-goldkapsel-riesling-qualitaetswein-trocken-075l-ausgezeichnet-mit-goldmedaille-berliner-wein-trophy-2023-92-100-punkten-vom-falstaff-weinguide-2022\/","title":{"rendered":"<br>Artikel-Nr.: 20-04<br>2020 Brauneberger Juffer GOLDKAPSEL Riesling Qualit\u00e4tswein trocken 0,75l  &#8211; Ausgezeichnet mit GOLDMEDAILLE Berliner Wein Trophy 2023 \/ 92+\/100 Punkten vom Falstaff Weinguide 2022<br>"},"content":{"rendered":"<p><!-- IBGHTML -->Hochwertige handverlesene Selektion von optimal ausgereiften&nbsp;Trauben bei sehr kleiner Erntemenge pro Rebstock,&nbsp;besonders extraktreich, mineralisch-fruchtig und w\u00fcrzig im Geschmack. Der Wein wurde ausschlie\u00dflich mit nat\u00fcrlichen Hefen vergoren und ist zu 100% VEGAN vinifiziert. Ein Wein mit&nbsp;gutem Reifepotential f\u00fcr die kommenden 5-10 Jahre und ein&nbsp;perfekter Essenbegleiter zum Beispiel zu gebratenem Fisch, aromatischen Gem\u00fcse, Kalb- oder Schweinefleisch!<\/p>\n<table WIDTH=\"60%\" BORDER=\"0\" align=\"left\" CELLPADDING=\"0\" CELLSPACING=\"0\"><\/p>\n<tr>\n<td width=\"53%\">Artikelnummer:<\/td>\n<td width=\"47%\"><strong>20-04<\/strong><\/td>\n<\/tr>\n<p><\/p>\n<tr>\n<td>Inhalt<\/td>\n<td><strong>0,75 Ltr.<\/strong><\/td>\n<\/tr>\n<p><\/p>\n<tr>\n<td>Preis\/Ltr.<\/td>\n<td><strong>33,20 EUR pro Ltr.<\/strong><\/td>\n<\/tr>\n<p><\/p>\n<tr>\n<td>Weinart:<\/td>\n<td><strong>Wei\u00dfwein<\/strong><\/td>\n<\/tr>\n<p><\/p>\n<tr>\n<td>Qualit&auml;tsstufe<\/td>\n<td><strong>Qualit\u00e4tswein<\/strong><\/td>\n<\/tr>\n<p><\/p>\n<tr>\n<td>Rebsorte<\/td>\n<td><strong>Riesling<\/strong><\/td>\n<\/tr>\n<p><\/p>\n<tr>\n<td>Restzuckergehalt<\/td>\n<td><strong>4,1 g\/Ltr.<\/strong><\/td>\n<\/tr>\n<p><\/p>\n<tr>\n<td>Alkoholgehalt<\/td>\n<td><strong>12,5 Vol. %<\/strong><\/td>\n<\/tr>\n<p><\/p>\n<tr>\n<td>Bio:<\/td>\n<td><strong>NEIN<\/strong><\/td>\n<\/tr>\n<p><\/p>\n<tr>\n<td>vegan:<\/td>\n<td><strong>JA<\/strong><\/td>\n<\/tr>\n<p><\/p>\n<tr>\n<td>enth\u00e4lt Allergene:<\/td>\n<td><strong>Sulfite<\/strong><\/td>\n<\/tr>\n<p><\/table>\n","protected":false},"excerpt":{"rendered":"<p>Hochwertige handverlesene Selektion von optimal ausgereiften&nbsp;Trauben bei sehr kleiner Erntemenge pro Rebstock,&nbsp;besonders extraktreich, mineralisch-fruchtig und w\u00fcrzig im Geschmack. Der Wein wurde ausschlie\u00dflich mit nat\u00fcrlichen Hefen vergoren und ist zu 100% VEGAN vinifiziert. Ein Wein mit&nbsp;gutem Reifepotential f\u00fcr die kommenden 5-10 Jahre und ein&nbsp;perfekter Essenbegleiter zum Beispiel zu gebratenem Fisch, aromatischen Gem\u00fcse, Kalb- oder Schweinefleisch! Artikelnummer: [&hellip;]<\/p>\n","protected":false},"featured_media":71761,"comment_status":"open","ping_status":"closed","template":"","meta":[],"product_brand":[],"product_cat":[3917],"product_tag":[],"class_list":{"0":"post-71870","1":"product","2":"type-product","3":"status-publish","4":"has-post-thumbnail","6":"product_cat-02-trocken","8":"first","9":"instock","10":"taxable","11":"shipping-taxable","12":"purchasable","13":"product-type-simple"},"_links":{"self":[{"href":"https:\/\/shop.martinconrad.de\/html\/catalog\/wp-json\/wp\/v2\/product\/71870","targetHints":{"allow":["GET"]}}],"collection":[{"href":"https:\/\/shop.martinconrad.de\/html\/catalog\/wp-json\/wp\/v2\/product"}],"about":[{"href":"https:\/\/shop.martinconrad.de\/html\/catalog\/wp-json\/wp\/v2\/types\/product"}],"replies":[{"embeddable":true,"href":"https:\/\/shop.martinconrad.de\/html\/catalog\/wp-json\/wp\/v2\/comments?post=71870"}],"wp:featuredmedia":[{"embeddable":true,"href":"https:\/\/shop.martinconrad.de\/html\/catalog\/wp-json\/wp\/v2\/media\/71761"}],"wp:attachment":[{"href":"https:\/\/shop.martinconrad.de\/html\/catalog\/wp-json\/wp\/v2\/media?parent=71870"}],"wp:term":[{"taxonomy":"product_brand","embeddable":true,"href":"https:\/\/shop.martinconrad.de\/html\/catalog\/wp-json\/wp\/v2\/product_brand?post=71870"},{"taxonomy":"product_cat","embeddable":true,"href":"https:\/\/shop.martinconrad.de\/html\/catalog\/wp-json\/wp\/v2\/product_cat?post=71870"},{"taxonomy":"product_tag","embeddable":true,"href":"https:\/\/shop.martinconrad.de\/html\/catalog\/wp-json\/wp\/v2\/product_tag?post=71870"}],"curies":[{"name":"wp","href":"https:\/\/api.w.org\/{rel}","templated":true}]}}