{"id":71865,"date":"2023-08-17T11:34:42","date_gmt":"2023-08-17T10:34:42","guid":{"rendered":"https:\/\/shop.martinconrad.de\/html\/catalog\/?product=artikel-nr-20-04r2020-brauneberger-juffer-reserve-18-monate-auf-der-hefe-gereift-riesling-qualitaetswein-trocken-075l-lmitiert-auf-750-flaschen"},"modified":"2026-03-06T16:37:34","modified_gmt":"2026-03-06T15:37:34","slug":"artikel-nr-20-04r2020-brauneberger-juffer-reserve-18-monate-auf-der-hefe-gereift-riesling-qualitaetswein-trocken-075l-lmitiert-auf-750-flaschen","status":"publish","type":"product","link":"https:\/\/shop.martinconrad.de\/html\/catalog\/produkt\/artikel-nr-20-04r2020-brauneberger-juffer-reserve-18-monate-auf-der-hefe-gereift-riesling-qualitaetswein-trocken-075l-lmitiert-auf-750-flaschen\/","title":{"rendered":"<br>Artikel-Nr.: 20-04R<br>2020 Brauneberger Juffer -RESERVE- (18 Monate auf der Hefe gereift) Riesling Qualit\u00e4tswein &#8211; trocken 0,75l &#8211; lmitiert auf 750 Flaschen!<br>"},"content":{"rendered":"<p><!-- IBGHTML --><font face=\"Calibri\" size=\"2\">Nachdem wir die gesunden vollreifen Trauben sorgf\u00e4ltig von Hand geerntet hatten, lie\u00dfen wir sie anschlie\u00dfend f\u00fcr 12 Stunden mazerisieren um die volle Aromatik aus den Beeren zu extrahieren. Anschlie\u00dfend wurde gepresst und der goldgelbe Saft mit nat\u00fcrlichen Hefen spontan vergoren. Um dem Wein noch mehr Tiefe und Finesse zu verleiehn <strong>reifte<\/strong> der Wein&nbsp;<strong>18 Monate auf der Hefe<\/strong> im Fass. Seine goldgelbe Farbe, der w\u00fcrzig armomatische feinfruchtige Duft und der intensive mineralisch-salzige Geschmack verleihen diesem Wein seine <strong>unwiderstehliche Extravaganz und Finesse<\/strong>. Reifepotential mehr als 10 Jahre! <strong>Limitiert auf 750 Flaschen!<\/strong><\/font><\/p>\n<p><\/p>\n<table WIDTH=\"60%\" BORDER=\"0\" align=\"left\" CELLPADDING=\"0\" CELLSPACING=\"0\"><\/p>\n<tr>\n<td width=\"53%\">Artikelnummer:<\/td>\n<td width=\"47%\"><strong>20-04R<\/strong><\/td>\n<\/tr>\n<p><\/p>\n<tr>\n<td>Inhalt<\/td>\n<td><strong>0,75 Ltr.<\/strong><\/td>\n<\/tr>\n<p><\/p>\n<tr>\n<td>Preis\/Ltr.<\/td>\n<td><strong>56,67 EUR pro Ltr.<\/strong><\/td>\n<\/tr>\n<p><\/p>\n<tr>\n<td>Weinart:<\/td>\n<td><strong>Wei\u00dfwein<\/strong><\/td>\n<\/tr>\n<p><\/p>\n<tr>\n<td>Qualit&auml;tsstufe<\/td>\n<td><strong>Qualit\u00e4tswein<\/strong><\/td>\n<\/tr>\n<p><\/p>\n<tr>\n<td>Rebsorte<\/td>\n<td><strong>Riesling<\/strong><\/td>\n<\/tr>\n<p><\/p>\n<tr>\n<td>Restzuckergehalt<\/td>\n<td><strong>3,5 g\/Ltr.<\/strong><\/td>\n<\/tr>\n<p><\/p>\n<tr>\n<td>Alkoholgehalt<\/td>\n<td><strong>12,5 Vol. %<\/strong><\/td>\n<\/tr>\n<p><\/p>\n<tr>\n<td>Bio:<\/td>\n<td><strong>NEIN<\/strong><\/td>\n<\/tr>\n<p><\/p>\n<tr>\n<td>vegan:<\/td>\n<td><strong>JA<\/strong><\/td>\n<\/tr>\n<p><\/p>\n<tr>\n<td>enth\u00e4lt Allergene:<\/td>\n<td><strong>Sulfite<\/strong><\/td>\n<\/tr>\n<p><\/table>\n","protected":false},"excerpt":{"rendered":"<p>Nachdem wir die gesunden vollreifen Trauben sorgf\u00e4ltig von Hand geerntet hatten, lie\u00dfen wir sie anschlie\u00dfend f\u00fcr 12 Stunden mazerisieren um die volle Aromatik aus den Beeren zu extrahieren. Anschlie\u00dfend wurde gepresst und der goldgelbe Saft mit nat\u00fcrlichen Hefen spontan vergoren. Um dem Wein noch mehr Tiefe und Finesse zu verleiehn reifte der Wein&nbsp;18 Monate auf [&hellip;]<\/p>\n","protected":false},"featured_media":71762,"comment_status":"open","ping_status":"closed","template":"","meta":[],"product_brand":[],"product_cat":[3924],"product_tag":[],"class_list":{"0":"post-71865","1":"product","2":"type-product","3":"status-publish","4":"has-post-thumbnail","6":"product_cat-03-grosse-gewaechse-ggs-reserve","8":"first","9":"instock","10":"taxable","11":"shipping-taxable","12":"purchasable","13":"product-type-simple"},"_links":{"self":[{"href":"https:\/\/shop.martinconrad.de\/html\/catalog\/wp-json\/wp\/v2\/product\/71865","targetHints":{"allow":["GET"]}}],"collection":[{"href":"https:\/\/shop.martinconrad.de\/html\/catalog\/wp-json\/wp\/v2\/product"}],"about":[{"href":"https:\/\/shop.martinconrad.de\/html\/catalog\/wp-json\/wp\/v2\/types\/product"}],"replies":[{"embeddable":true,"href":"https:\/\/shop.martinconrad.de\/html\/catalog\/wp-json\/wp\/v2\/comments?post=71865"}],"wp:featuredmedia":[{"embeddable":true,"href":"https:\/\/shop.martinconrad.de\/html\/catalog\/wp-json\/wp\/v2\/media\/71762"}],"wp:attachment":[{"href":"https:\/\/shop.martinconrad.de\/html\/catalog\/wp-json\/wp\/v2\/media?parent=71865"}],"wp:term":[{"taxonomy":"product_brand","embeddable":true,"href":"https:\/\/shop.martinconrad.de\/html\/catalog\/wp-json\/wp\/v2\/product_brand?post=71865"},{"taxonomy":"product_cat","embeddable":true,"href":"https:\/\/shop.martinconrad.de\/html\/catalog\/wp-json\/wp\/v2\/product_cat?post=71865"},{"taxonomy":"product_tag","embeddable":true,"href":"https:\/\/shop.martinconrad.de\/html\/catalog\/wp-json\/wp\/v2\/product_tag?post=71865"}],"curies":[{"name":"wp","href":"https:\/\/api.w.org\/{rel}","templated":true}]}}