{"id":71857,"date":"2023-08-17T11:34:31","date_gmt":"2023-08-17T10:34:31","guid":{"rendered":"https:\/\/shop.martinconrad.de\/html\/catalog\/?product=artikel-nr-p-3-1rebstockpatenschaft-ueber-2-rebstoecke-in-der-lage-veldenzer-kirchberg-fuer-3-jahre"},"modified":"2026-03-17T11:51:37","modified_gmt":"2026-03-17T10:51:37","slug":"artikel-nr-p-3-1rebstockpatenschaft-ueber-2-rebstoecke-in-der-lage-veldenzer-kirchberg-fuer-3-jahre","status":"publish","type":"product","link":"https:\/\/shop.martinconrad.de\/html\/catalog\/produkt\/artikel-nr-p-3-1rebstockpatenschaft-ueber-2-rebstoecke-in-der-lage-veldenzer-kirchberg-fuer-3-jahre\/","title":{"rendered":"<br>Artikel-Nr.: P-3-1<br>Rebstockpatenschaft \u00fcber 2 Rebst\u00f6cke in der Lage &#8218;Veldenzer Kirchberg&#8216; f\u00fcr 3 Jahre<br>"},"content":{"rendered":"<p><!-- IBGHTML --><\/p>\n<p><span style='color: black;font-family: \"Calibri\",sans-serif;font-size: 9.5pt'>Sie<span style=\"letter-spacing: 0.25pt\"> <\/span>\u00fcbernehmen<span style=\"letter-spacing: 0.35pt\"> beispielsweise eine<\/span><span style=\"letter-spacing: 0.3pt\"> <\/span><span style=\"letter-spacing: 0.05pt\">Pa<\/span>ten<span style=\"letter-spacing: 0.15pt\">s<\/span><span style=\"letter-spacing: 0.05pt\">c<\/span>haft<span style=\"letter-spacing: 0.3pt\"> <\/span>f<span style=\"letter-spacing: 0.05pt\">\u00fc<\/span>r<span style=\"letter-spacing: 0.35pt\"> <\/span>z<span style=\"letter-spacing: 0.05pt\">w<\/span>e<span style=\"letter-spacing: 0.05pt\">i<\/span><\/span><span style='color: black;font-family: \"Calibri\",sans-serif;font-size: 9.5pt'> <span>Riesling-Rebst\u00f6c<span style=\"letter-spacing: 0.05pt\">k<\/span>e<span style=\"letter-spacing: 0.4pt\"> <\/span>in<span style=\"letter-spacing: 0.4pt\"> <\/span>d<span style=\"letter-spacing: 0.05pt\">e<\/span>r<span style=\"letter-spacing: 0.4pt\"> <\/span><span style=\"letter-spacing: 0.05pt\">La<\/span><span style=\"letter-spacing: 0.1pt\">g<\/span>e<span style=\"letter-spacing: 0.4pt\"> <\/span>&#8218;Veldenzer Kirchberg<\/span><span>\u201c. Dann erhalten Sie von uns umgehendeine<span style=\"letter-spacing: 0.25pt\"> <\/span><span style=\"letter-spacing: 0.05pt\">P<\/span>a<span style=\"letter-spacing: 0.1pt\">t<\/span>en<span style=\"letter-spacing: 0.05pt\">s<\/span>c<span style=\"letter-spacing: 0.1pt\">h<\/span><span style=\"letter-spacing: 0.05pt\">a<\/span>ft<span style=\"letter-spacing: 0.05pt\">s<\/span>-Urkunde.<br \/><span style='color: black;font-family: \"Calibri\",sans-serif;font-size: 9.5pt'>Die<span style=\"letter-spacing: 0.3pt\"> <\/span>Rebst\u00f6cke<span style=\"letter-spacing: 0.3pt\"> <\/span>werd<span style=\"letter-spacing: 0.1pt\">e<\/span>n<span style=\"letter-spacing: 0.35pt\"> <\/span><span style=\"letter-spacing: 0.05pt\">im<\/span><span style=\"letter-spacing: 0.3pt\"> <\/span><span style=\"letter-spacing: 0.05pt\">W<\/span>e<span style=\"letter-spacing: 0.05pt\">i<\/span>n<span style=\"letter-spacing: 0.05pt\">b<\/span>erg<span style=\"letter-spacing: 0.3pt\"> <\/span>m<span style=\"letter-spacing: 0.05pt\">i<\/span>t<\/span><span style='color: black;font-family: \"Calibri\",sans-serif;font-size: 9.5pt'> <span>dem Namen der Rebstockpatin \/des Rebstockpaten<span style=\"letter-spacing: 0.25pt\"> beschildert <\/span>u<span style=\"letter-spacing: 0.05pt\">n<\/span>d<span style=\"letter-spacing: 0.45pt\"> <\/span>k<span style=\"letter-spacing: 0.1pt\">\u00f6<\/span>nn<span style=\"letter-spacing: 0.1pt\">e<\/span>n<span style=\"letter-spacing: 0.3pt\"> <\/span><span style=\"letter-spacing: 0.05pt\">nachAbsprache<\/span><\/span> <span>vor<span style=\"letter-spacing: 0.3pt\"> <\/span>O<span style=\"letter-spacing: 0.05pt\">r<\/span>t<span style=\"letter-spacing: 0.25pt\"> <\/span>in<span style=\"letter-spacing: 0.25pt\"> <\/span>Aug<span style=\"letter-spacing: 0.1pt\">e<\/span>nsche<span style=\"letter-spacing: 0.1pt\">i<\/span>n<span style=\"letter-spacing: 0.3pt\"> <\/span>geno<span style=\"letter-spacing: 0.05pt\">mm<\/span>en<span style=\"letter-spacing: 0.3pt\"> <\/span>w<span style=\"letter-spacing: 0.1pt\">e<\/span>rd<span style=\"letter-spacing: 0.15pt\">e<\/span>n<span style=\"letter-spacing: 0.05pt\">.<\/span><\/span><span>Die<span style=\"letter-spacing: 0.3pt\"> <\/span>anfall<span style=\"letter-spacing: 0.1pt\">e<\/span>nden<span style=\"letter-spacing: 0.45pt\"> <\/span>Arbeiten<span style=\"letter-spacing: 0.25pt\"> <\/span>im<span style=\"letter-spacing: 0.4pt\"> <\/span><span style=\"letter-spacing: 0.1pt\">W<\/span>e<span style=\"letter-spacing: 0.05pt\">i<\/span>n<span style=\"letter-spacing: 0.05pt\">b<\/span>erg<span style=\"letter-spacing: 0.3pt\"> <\/span><span style=\"letter-spacing: 0.05pt\">u<\/span>nd<\/span> <span>Kell<span style=\"letter-spacing: 0.1pt\">e<\/span>r<span style=\"letter-spacing: 0.2pt\"> <\/span>e<span style=\"letter-spacing: 0.05pt\">r<\/span>ledig<span style=\"letter-spacing: 0.05pt\">e<\/span>n<span style=\"letter-spacing: 0.2pt\"> <\/span>wir<span style=\"letter-spacing: 0.2pt\"> <\/span><span style=\"letter-spacing: 0.05pt\">f\u00fc<\/span>r<span style=\"letter-spacing: 0.2pt\"> <\/span>S<span style=\"letter-spacing: 0.05pt\">i<\/span>e<span style=\"letter-spacing: 0.05pt\">.<br \/><span style='color: black;font-family: \"Calibri\",sans-serif;font-size: 9.5pt'>Der<span style=\"letter-spacing: 0.4pt\"> <\/span>Patenschaftsauftrag<span style=\"letter-spacing: 0.45pt\"> <\/span><span style=\"letter-spacing: 0.05pt\">b<\/span>e<span style=\"letter-spacing: 0.05pt\">i<\/span><span style=\"letter-spacing: 0.1pt\">n<\/span>h<span style=\"letter-spacing: 0.05pt\">a<\/span>ltet<span style=\"letter-spacing: 0.4pt\"> <\/span><span style=\"letter-spacing: 0.15pt\">a<\/span>ll<span style=\"letter-spacing: 0.1pt\">e <\/span>Kosten<span style=\"letter-spacing: 0.3pt\"> <\/span>i<span style=\"letter-spacing: 0.05pt\">n<\/span>kl<\/span><span style='color: black;letter-spacing: 0.05pt;font-family: \"Calibri\",sans-serif;font-size: 9.5pt'>.<\/span><span style='color: black;letter-spacing: 0.2pt;font-family: \"Calibri\",sans-serif;font-size: 9.5pt'> <\/span><span style='color: black;font-family: \"Calibri\",sans-serif;font-size: 9.5pt'>Zustell<span style=\"letter-spacing: 0.15pt\">u<\/span>nginnerhalb Deutschlands v<span style=\"letter-spacing: 0.05pt\">o<\/span>n<span style=\"letter-spacing: 0.25pt\"> <\/span>j\u00e4hrl<span style=\"letter-spacing: 0.15pt\">i<\/span>ch<span style=\"letter-spacing: 0.25pt\"> <\/span>2<span style=\"letter-spacing: 0.35pt\"> <\/span>Fa<span style=\"letter-spacing: 0.05pt\">s<\/span>c<span style=\"letter-spacing: 0.1pt\">h<\/span>en<\/span><span style='color: black;font-family: \"Calibri\",sans-serif;font-size: 9.5pt'> <span>Wein<span style=\"letter-spacing: 0.35pt\"> <\/span>von<span style=\"letter-spacing: 0.3pt\"> <\/span>I<span style=\"letter-spacing: 0.05pt\">h<\/span>r<span style=\"letter-spacing: 0.1pt\">e<\/span>n<span style=\"letter-spacing: 0.25pt\"> <\/span>Paten<span style=\"letter-spacing: 0.05pt\">r<\/span>e<span style=\"letter-spacing: 0.05pt\">bs<\/span>t\u00f6<span style=\"letter-spacing: 0.05pt\">c<\/span>ken<span style=\"letter-spacing: 0.3pt\"> <\/span><span style=\"letter-spacing: 0.05pt\">in<\/span>kl<span style=\"letter-spacing: 0.05pt\">.<\/span><\/span> <span>Pers\u00f6nl<span style=\"letter-spacing: 0.1pt\">i<\/span>chem<span style=\"letter-spacing: 0.65pt\"> <\/span>Et<span style=\"letter-spacing: 0.1pt\">i<\/span>kett<\/span><span style=\"letter-spacing: 0.05pt\">.<br \/><span style='color: black;letter-spacing: 0.05pt;font-family: \"Calibri\",sans-serif;font-size: 9.5pt'>W<\/span><span style='color: black;font-family: \"Calibri\",sans-serif;font-size: 9.5pt'>e<span style=\"letter-spacing: 0.05pt\">r<\/span>d<span style=\"letter-spacing: 0.1pt\">e<\/span>n<span style=\"letter-spacing: 0.25pt\"> <\/span><span style=\"letter-spacing: 0.05pt\">Si<\/span>e<span style=\"letter-spacing: 0.25pt\"> <\/span><span style=\"letter-spacing: 0.05pt\">s<\/span>el<span style=\"letter-spacing: 0.05pt\">bs<\/span>t<span style=\"letter-spacing: 0.2pt\"> <\/span><span style=\"letter-spacing: 0.05pt\">P<\/span>ate<\/span><span style='color: black;font-family: \"Calibri\",sans-serif;font-size: 9.5pt'> <span>od<span style=\"letter-spacing: 0.05pt\">e<\/span>r<span style=\"letter-spacing: 0.3pt\"> v<\/span>ersch<span style=\"letter-spacing: 0.1pt\">e<\/span>nk<span style=\"letter-spacing: 0.1pt\">e<\/span>n<span style=\"letter-spacing: 0.25pt\"> <\/span>S<span style=\"letter-spacing: 0.05pt\">i<\/span>e<span style=\"letter-spacing: 0.3pt\"> <\/span>e<span style=\"letter-spacing: 0.05pt\">i<\/span>ne<\/span> <span>Patensc<span style=\"letter-spacing: 0.05pt\">h<\/span>aftsurk<span style=\"letter-spacing: 0.05pt\">u<\/span><span style=\"letter-spacing: 0.1pt\">n<\/span>de.<\/span><\/span><\/span><\/span><\/span><\/span><\/span><\/span><\/span><\/p>\n<p><\/p>\n<table WIDTH=\"60%\" BORDER=\"0\" align=\"left\" CELLPADDING=\"0\" CELLSPACING=\"0\"><\/p>\n<tr>\n<td width=\"53%\">Artikelnummer:<\/td>\n<td width=\"47%\"><strong>P-3-1<\/strong><\/td>\n<\/tr>\n<p><\/p>\n<tr>\n<td>Inhalt<\/td>\n<td><strong><\/strong><\/td>\n<\/tr>\n<p><\/p>\n<tr>\n<td>Preis\/Ltr.<\/td>\n<td><strong><\/strong><\/td>\n<\/tr>\n<p><\/p>\n<tr>\n<td>Weinart:<\/td>\n<td><strong><\/strong><\/td>\n<\/tr>\n<p><\/p>\n<tr>\n<td>Qualit&auml;tsstufe<\/td>\n<td><strong><\/strong><\/td>\n<\/tr>\n<p><\/p>\n<tr>\n<td>Rebsorte<\/td>\n<td><strong><\/strong><\/td>\n<\/tr>\n<p><\/p>\n<tr>\n<td>Restzuckergehalt<\/td>\n<td><strong><\/strong><\/td>\n<\/tr>\n<p><\/p>\n<tr>\n<td>Alkoholgehalt<\/td>\n<td><strong><\/strong><\/td>\n<\/tr>\n<p><\/p>\n<tr>\n<td>Bio:<\/td>\n<td><strong>JA<\/strong><\/td>\n<\/tr>\n<p><\/p>\n<tr>\n<td>vegan:<\/td>\n<td><strong>JA<\/strong><\/td>\n<\/tr>\n<p><\/p>\n<tr>\n<td>enth\u00e4lt Allergene:<\/td>\n<td><strong>Sulfite<\/strong><\/td>\n<\/tr>\n<p><\/table>\n","protected":false},"excerpt":{"rendered":"<p>Sie \u00fcbernehmen beispielsweise eine Patenschaft f\u00fcr zwei Riesling-Rebst\u00f6cke in der Lage &#8218;Veldenzer Kirchberg\u201c. Dann erhalten Sie von uns umgehendeine Patenschafts-Urkunde.Die Rebst\u00f6cke werden im Weinberg mit dem Namen der Rebstockpatin \/des Rebstockpaten beschildert und k\u00f6nnen nachAbsprache vor Ort in Augenschein genommen werden.Die anfallenden Arbeiten im Weinberg und Keller erledigen wir f\u00fcr Sie.Der Patenschaftsauftrag beinhaltet alle Kosten [&hellip;]<\/p>\n","protected":false},"featured_media":71799,"comment_status":"open","ping_status":"closed","template":"","meta":[],"product_brand":[],"product_cat":[3929],"product_tag":[],"class_list":{"0":"post-71857","1":"product","2":"type-product","3":"status-publish","4":"has-post-thumbnail","6":"product_cat-01-probierpakete-patenschaften-uvm","8":"first","9":"instock","10":"featured","11":"taxable","12":"shipping-taxable","13":"purchasable","14":"product-type-simple"},"_links":{"self":[{"href":"https:\/\/shop.martinconrad.de\/html\/catalog\/wp-json\/wp\/v2\/product\/71857","targetHints":{"allow":["GET"]}}],"collection":[{"href":"https:\/\/shop.martinconrad.de\/html\/catalog\/wp-json\/wp\/v2\/product"}],"about":[{"href":"https:\/\/shop.martinconrad.de\/html\/catalog\/wp-json\/wp\/v2\/types\/product"}],"replies":[{"embeddable":true,"href":"https:\/\/shop.martinconrad.de\/html\/catalog\/wp-json\/wp\/v2\/comments?post=71857"}],"wp:featuredmedia":[{"embeddable":true,"href":"https:\/\/shop.martinconrad.de\/html\/catalog\/wp-json\/wp\/v2\/media\/71799"}],"wp:attachment":[{"href":"https:\/\/shop.martinconrad.de\/html\/catalog\/wp-json\/wp\/v2\/media?parent=71857"}],"wp:term":[{"taxonomy":"product_brand","embeddable":true,"href":"https:\/\/shop.martinconrad.de\/html\/catalog\/wp-json\/wp\/v2\/product_brand?post=71857"},{"taxonomy":"product_cat","embeddable":true,"href":"https:\/\/shop.martinconrad.de\/html\/catalog\/wp-json\/wp\/v2\/product_cat?post=71857"},{"taxonomy":"product_tag","embeddable":true,"href":"https:\/\/shop.martinconrad.de\/html\/catalog\/wp-json\/wp\/v2\/product_tag?post=71857"}],"curies":[{"name":"wp","href":"https:\/\/api.w.org\/{rel}","templated":true}]}}