{"id":71856,"date":"2023-08-17T11:34:29","date_gmt":"2023-08-17T10:34:29","guid":{"rendered":"https:\/\/shop.martinconrad.de\/html\/catalog\/?product=artikel-nr-21-102021-brauneberger-juffer-sonnenuhr-gg-riesling-trocken-075l"},"modified":"2025-03-09T14:38:07","modified_gmt":"2025-03-09T13:38:07","slug":"artikel-nr-21-102021-brauneberger-juffer-sonnenuhr-gg-riesling-trocken-075l","status":"publish","type":"product","link":"https:\/\/shop.martinconrad.de\/html\/catalog\/produkt\/artikel-nr-21-102021-brauneberger-juffer-sonnenuhr-gg-riesling-trocken-075l\/","title":{"rendered":"<br>Artikel-Nr.: 21-10<br>2021 Brauneberger Juffer-Sonnenuhr GG Riesling   trocken 0,75l *<br>"},"content":{"rendered":"<p><!-- IBGHTML -->Die Offenbarung der Rieslingrebe, die die einzigartige Top-Lage&nbsp;Braunebergeer Juffer-Sonnenuhr auf unnachahmlich Art und Weise widerspiegelt. Ein wahrhaft <strong>gro\u00dfer ausdrucksstarker konzentrierter und facettenreicher<\/strong> <strong>komplett durchgegorener<\/strong> Wein, der den Vergleich mit den besten&nbsp;trockenen Wei\u00dfweinen der Welt nicht zu scheuen braucht. Durch den sehr starken R\u00fcckschnitt der Reben ist der Fruchtansatz sehr gering und somit konzentrieren sich die Mineralstoffe im Boden auf wenige Trauben und verleihen sp\u00e4ter dem Wein seinen authentischen Terroir-Charakter gepaart mit vielschichtigen Fruchtaromen und einer reifen feinen S\u00e4urestruktur. Eine kompromi\u00dflos sorgf\u00e4ltige Handlese sorgt f\u00fcr optimal gereiftes und gesundes Lesegut und verleiht dem Wein seine Finesse. Der Wein verg\u00e4rt ausschlie\u00dflich mit nat\u00fcrlichen Hefen,&nbsp;wird ohne tierische Sch\u00f6nungsmittel und Enzyme vinifiziert und ist&nbsp;daher auch zu 100% VEGAN.<strong> <br \/><\/strong><\/p>\n<table WIDTH=\"60%\" BORDER=\"0\" align=\"left\" CELLPADDING=\"0\" CELLSPACING=\"0\"><\/p>\n<tr>\n<td width=\"53%\">Artikelnummer:<\/td>\n<td width=\"47%\"><strong>21-10<\/strong><\/td>\n<\/tr>\n<p><\/p>\n<tr>\n<td>Inhalt<\/td>\n<td><strong>0,75 Ltr.<\/strong><\/td>\n<\/tr>\n<p><\/p>\n<tr>\n<td>Preis\/Ltr.<\/td>\n<td><strong>50,53 EUR pro Ltr.<\/strong><\/td>\n<\/tr>\n<p><\/p>\n<tr>\n<td>Weinart:<\/td>\n<td><strong>Wei\u00dfwein<\/strong><\/td>\n<\/tr>\n<p><\/p>\n<tr>\n<td>Qualit&auml;tsstufe<\/td>\n<td><strong>Qualit\u00e4tswein<\/strong><\/td>\n<\/tr>\n<p><\/p>\n<tr>\n<td>Rebsorte<\/td>\n<td><strong>Riesling<\/strong><\/td>\n<\/tr>\n<p><\/p>\n<tr>\n<td>Restzuckergehalt<\/td>\n<td><strong><\/strong><\/td>\n<\/tr>\n<p><\/p>\n<tr>\n<td>Alkoholgehalt<\/td>\n<td><strong>12,5 Vol. %<\/strong><\/td>\n<\/tr>\n<p><\/p>\n<tr>\n<td>Bio:<\/td>\n<td><strong>NEIN<\/strong><\/td>\n<\/tr>\n<p><\/p>\n<tr>\n<td>vegan:<\/td>\n<td><strong>JA<\/strong><\/td>\n<\/tr>\n<p><\/p>\n<tr>\n<td>enth\u00e4lt Allergene:<\/td>\n<td><strong>Sulfite<\/strong><\/td>\n<\/tr>\n<p><\/table>\n","protected":false},"excerpt":{"rendered":"<p>Die Offenbarung der Rieslingrebe, die die einzigartige Top-Lage&nbsp;Braunebergeer Juffer-Sonnenuhr auf unnachahmlich Art und Weise widerspiegelt. Ein wahrhaft gro\u00dfer ausdrucksstarker konzentrierter und facettenreicher komplett durchgegorener Wein, der den Vergleich mit den besten&nbsp;trockenen Wei\u00dfweinen der Welt nicht zu scheuen braucht. Durch den sehr starken R\u00fcckschnitt der Reben ist der Fruchtansatz sehr gering und somit konzentrieren sich die [&hellip;]<\/p>\n","protected":false},"featured_media":71777,"comment_status":"open","ping_status":"closed","template":"","meta":[],"product_brand":[],"product_cat":[3924],"product_tag":[],"class_list":{"0":"post-71856","1":"product","2":"type-product","3":"status-publish","4":"has-post-thumbnail","6":"product_cat-03-grosse-gewaechse-ggs-reserve","8":"first","9":"instock","10":"taxable","11":"shipping-taxable","12":"purchasable","13":"product-type-simple"},"_links":{"self":[{"href":"https:\/\/shop.martinconrad.de\/html\/catalog\/wp-json\/wp\/v2\/product\/71856","targetHints":{"allow":["GET"]}}],"collection":[{"href":"https:\/\/shop.martinconrad.de\/html\/catalog\/wp-json\/wp\/v2\/product"}],"about":[{"href":"https:\/\/shop.martinconrad.de\/html\/catalog\/wp-json\/wp\/v2\/types\/product"}],"replies":[{"embeddable":true,"href":"https:\/\/shop.martinconrad.de\/html\/catalog\/wp-json\/wp\/v2\/comments?post=71856"}],"wp:featuredmedia":[{"embeddable":true,"href":"https:\/\/shop.martinconrad.de\/html\/catalog\/wp-json\/wp\/v2\/media\/71777"}],"wp:attachment":[{"href":"https:\/\/shop.martinconrad.de\/html\/catalog\/wp-json\/wp\/v2\/media?parent=71856"}],"wp:term":[{"taxonomy":"product_brand","embeddable":true,"href":"https:\/\/shop.martinconrad.de\/html\/catalog\/wp-json\/wp\/v2\/product_brand?post=71856"},{"taxonomy":"product_cat","embeddable":true,"href":"https:\/\/shop.martinconrad.de\/html\/catalog\/wp-json\/wp\/v2\/product_cat?post=71856"},{"taxonomy":"product_tag","embeddable":true,"href":"https:\/\/shop.martinconrad.de\/html\/catalog\/wp-json\/wp\/v2\/product_tag?post=71856"}],"curies":[{"name":"wp","href":"https:\/\/api.w.org\/{rel}","templated":true}]}}