{"id":71845,"date":"2023-08-17T11:34:13","date_gmt":"2023-08-17T10:34:13","guid":{"rendered":"https:\/\/shop.martinconrad.de\/html\/catalog\/?product=artikel-nr-18-142018-brauneberger-juffer-goldkapsel-riesling-qualitaetswein-feinherb-075l-falstaff-92-100-punkten-noch-24-flaschen-verfuegbar"},"modified":"2026-04-28T11:30:03","modified_gmt":"2026-04-28T10:30:03","slug":"artikel-nr-18-142018-brauneberger-juffer-goldkapsel-riesling-qualitaetswein-feinherb-075l-falstaff-92-100-punkten","status":"publish","type":"product","link":"https:\/\/shop.martinconrad.de\/html\/catalog\/produkt\/artikel-nr-18-142018-brauneberger-juffer-goldkapsel-riesling-qualitaetswein-feinherb-075l-falstaff-92-100-punkten\/","title":{"rendered":"<br>Artikel-Nr.: 18-14<br>2018 Brauneberger Juffer GOLDKAPSEL Riesling Qualit\u00e4tswein feinherb 0,75l  &#8211; FALSTAFF: 92\/100 Punkten<br>"},"content":{"rendered":"<p><!-- IBGHTML -->Hochwertige handverlesene Selektion von optimal ausgereiften&nbsp;Trauben und teilweise rosinierten Beeren (5-10%)&nbsp;bei sehr kleiner Erntemenge pro Rebstock,&nbsp;besonders extraktreich, mineralisch-fruchtig und w\u00fcrzig im Geschmack mit dezenter Rests\u00fc\u00dfe. Der Wein wurde ausschlie\u00dflich mit nat\u00fcrlichen Hefen vergoren und ist zu 100% VEGAN vinifiziert. Ein Wein mit&nbsp;gutem Reifepotential f\u00fcr die kommenden 5-10 Jahre und ein hervorragender Begleiter zu aromatischen Speisen, leichten Blauschinnelk\u00e4sen und Pasteten. <strong> &#8211;&nbsp; FALSTAFF-GUIDE 2020: 92\/100 Punkten<\/strong><\/p>\n<table WIDTH=\"60%\" BORDER=\"0\" align=\"left\" CELLPADDING=\"0\" CELLSPACING=\"0\"><\/p>\n<tr>\n<td width=\"53%\">Artikelnummer:<\/td>\n<td width=\"47%\"><strong>18-14<\/strong><\/td>\n<\/tr>\n<p><\/p>\n<tr>\n<td>Inhalt<\/td>\n<td><strong>0,75 Ltr.<\/strong><\/td>\n<\/tr>\n<p><\/p>\n<tr>\n<td>Preis\/Ltr.<\/td>\n<td><strong>35,33 EUR pro Ltr.<\/strong><\/td>\n<\/tr>\n<p><\/p>\n<tr>\n<td>Weinart:<\/td>\n<td><strong>Wei\u00dfwein<\/strong><\/td>\n<\/tr>\n<p><\/p>\n<tr>\n<td>Qualit&auml;tsstufe<\/td>\n<td><strong>Qualit\u00e4tswein<\/strong><\/td>\n<\/tr>\n<p><\/p>\n<tr>\n<td>Rebsorte<\/td>\n<td><strong>Riesling<\/strong><\/td>\n<\/tr>\n<p><\/p>\n<tr>\n<td>Restzuckergehalt<\/td>\n<td><strong>17,5 g\/Ltr.<\/strong><\/td>\n<\/tr>\n<p><\/p>\n<tr>\n<td>Alkoholgehalt<\/td>\n<td><strong>13,0 Vol. %<\/strong><\/td>\n<\/tr>\n<p><\/p>\n<tr>\n<td>Bio:<\/td>\n<td><strong>NEIN<\/strong><\/td>\n<\/tr>\n<p><\/p>\n<tr>\n<td>vegan:<\/td>\n<td><strong>JA<\/strong><\/td>\n<\/tr>\n<p><\/p>\n<tr>\n<td>enth\u00e4lt Allergene:<\/td>\n<td><strong>Sulfite<\/strong><\/td>\n<\/tr>\n<p><\/table>\n","protected":false},"excerpt":{"rendered":"<p>Hochwertige handverlesene Selektion von optimal ausgereiften&nbsp;Trauben und teilweise rosinierten Beeren (5-10%)&nbsp;bei sehr kleiner Erntemenge pro Rebstock,&nbsp;besonders extraktreich, mineralisch-fruchtig und w\u00fcrzig im Geschmack mit dezenter Rests\u00fc\u00dfe. Der Wein wurde ausschlie\u00dflich mit nat\u00fcrlichen Hefen vergoren und ist zu 100% VEGAN vinifiziert. Ein Wein mit&nbsp;gutem Reifepotential f\u00fcr die kommenden 5-10 Jahre und ein hervorragender Begleiter zu aromatischen Speisen, [&hellip;]<\/p>\n","protected":false},"featured_media":37247,"comment_status":"open","ping_status":"closed","template":"","meta":[],"product_brand":[],"product_cat":[3933],"product_tag":[],"class_list":{"0":"post-71845","1":"product","2":"type-product","3":"status-publish","4":"has-post-thumbnail","6":"product_cat-00-angebote-raritaeten","8":"first","9":"onbackorder","10":"taxable","11":"shipping-taxable","12":"purchasable","13":"product-type-simple"},"_links":{"self":[{"href":"https:\/\/shop.martinconrad.de\/html\/catalog\/wp-json\/wp\/v2\/product\/71845","targetHints":{"allow":["GET"]}}],"collection":[{"href":"https:\/\/shop.martinconrad.de\/html\/catalog\/wp-json\/wp\/v2\/product"}],"about":[{"href":"https:\/\/shop.martinconrad.de\/html\/catalog\/wp-json\/wp\/v2\/types\/product"}],"replies":[{"embeddable":true,"href":"https:\/\/shop.martinconrad.de\/html\/catalog\/wp-json\/wp\/v2\/comments?post=71845"}],"wp:featuredmedia":[{"embeddable":true,"href":"https:\/\/shop.martinconrad.de\/html\/catalog\/wp-json\/wp\/v2\/media\/37247"}],"wp:attachment":[{"href":"https:\/\/shop.martinconrad.de\/html\/catalog\/wp-json\/wp\/v2\/media?parent=71845"}],"wp:term":[{"taxonomy":"product_brand","embeddable":true,"href":"https:\/\/shop.martinconrad.de\/html\/catalog\/wp-json\/wp\/v2\/product_brand?post=71845"},{"taxonomy":"product_cat","embeddable":true,"href":"https:\/\/shop.martinconrad.de\/html\/catalog\/wp-json\/wp\/v2\/product_cat?post=71845"},{"taxonomy":"product_tag","embeddable":true,"href":"https:\/\/shop.martinconrad.de\/html\/catalog\/wp-json\/wp\/v2\/product_tag?post=71845"}],"curies":[{"name":"wp","href":"https:\/\/api.w.org\/{rel}","templated":true}]}}