{"id":71840,"date":"2023-08-17T11:34:05","date_gmt":"2023-08-17T10:34:05","guid":{"rendered":"https:\/\/shop.martinconrad.de\/html\/catalog\/?product=artikel-nr-18-51-03752018-schalentier-s-kestener-paulinshofberg-gg-lage-riesling-im-sauternes-stil-vinifiziert-0375l-sehr-limitierte-edition-einzeln-nummeriert-gerstl-weine-ch-18-20-p"},"modified":"2025-03-07T10:26:19","modified_gmt":"2025-03-07T09:26:19","slug":"artikel-nr-18-51-03752018-schalentier-s-kestener-paulinshofberg-gg-lage-riesling-im-sauternes-stil-vinifiziert-0375l-sehr-limitierte-edition-einzeln-nummeriert-gerstl-weine-ch-18-20-p","status":"publish","type":"product","link":"https:\/\/shop.martinconrad.de\/html\/catalog\/produkt\/artikel-nr-18-51-03752018-schalentier-s-kestener-paulinshofberg-gg-lage-riesling-im-sauternes-stil-vinifiziert-0375l-sehr-limitierte-edition-einzeln-nummeriert-gerstl-weine-ch-18-20-p\/","title":{"rendered":"<br>Artikel-Nr.: 18-51-0,375<br>2018 SCHALENTIER &#8222;S&#8220; Kestener Paulinshofberg (GG-Lage) Riesling im &#8222;Sauternes-Stil&#8220; vinifiziert 0,375l &#8211; sehr limitierte Edition, einzeln nummeriert &#8211; GERSTL WEINE CH: 18+\/20 Punkte<br>"},"content":{"rendered":"<p><!-- IBGHTML --><!-- IBGHTML -->Terroirgepr\u00e4gter Riesling vom rockigen Schiefersteilhang der&nbsp;Gro\u00dfe-Gew\u00e4chs-Lage&nbsp;Kestener Paulinshofberg, selektiv von Hand gelesen. Edels\u00fc\u00dfer Riesling im &#8222;Sauternes-Stil&#8220;. <strong>Sehr limitierte Edition, einzeln nummeriert.<\/strong> Bei 10-12 Grad Celsius Trinktemperatur ideal im Wei\u00dfweinglas. <\/p>\n<table WIDTH=\"60%\" BORDER=\"0\" align=\"left\" CELLPADDING=\"0\" CELLSPACING=\"0\"><\/p>\n<tr>\n<td width=\"53%\">Artikelnummer:<\/td>\n<td width=\"47%\"><strong>18-51-0,375<\/strong><\/td>\n<\/tr>\n<p><\/p>\n<tr>\n<td>Inhalt<\/td>\n<td><strong>0,375 Ltr.<\/strong><\/td>\n<\/tr>\n<p><\/p>\n<tr>\n<td>Preis\/Ltr.<\/td>\n<td><strong>109,33 EUR pro Ltr.<\/strong><\/td>\n<\/tr>\n<p><\/p>\n<tr>\n<td>Weinart:<\/td>\n<td><strong>Wei\u00dfwein<\/strong><\/td>\n<\/tr>\n<p><\/p>\n<tr>\n<td>Qualit&auml;tsstufe<\/td>\n<td><strong>Auslese<\/strong><\/td>\n<\/tr>\n<p><\/p>\n<tr>\n<td>Rebsorte<\/td>\n<td><strong>Riesling<\/strong><\/td>\n<\/tr>\n<p><\/p>\n<tr>\n<td>Restzuckergehalt<\/td>\n<td><strong>53 g\/Ltr.<\/strong><\/td>\n<\/tr>\n<p><\/p>\n<tr>\n<td>Alkoholgehalt<\/td>\n<td><strong>13,5 Vol. %<\/strong><\/td>\n<\/tr>\n<p><\/p>\n<tr>\n<td>Bio:<\/td>\n<td><strong>NEIN<\/strong><\/td>\n<\/tr>\n<p><\/p>\n<tr>\n<td>vegan:<\/td>\n<td><strong>JA<\/strong><\/td>\n<\/tr>\n<p><\/p>\n<tr>\n<td>enth\u00e4lt Allergene:<\/td>\n<td><strong>Sulfite<\/strong><\/td>\n<\/tr>\n<p><\/table>\n","protected":false},"excerpt":{"rendered":"<p>Terroirgepr\u00e4gter Riesling vom rockigen Schiefersteilhang der&nbsp;Gro\u00dfe-Gew\u00e4chs-Lage&nbsp;Kestener Paulinshofberg, selektiv von Hand gelesen. Edels\u00fc\u00dfer Riesling im &#8222;Sauternes-Stil&#8220;. Sehr limitierte Edition, einzeln nummeriert. Bei 10-12 Grad Celsius Trinktemperatur ideal im Wei\u00dfweinglas. Artikelnummer: 18-51-0,375 Inhalt 0,375 Ltr. Preis\/Ltr. 109,33 EUR pro Ltr. Weinart: Wei\u00dfwein Qualit&auml;tsstufe Auslese Rebsorte Riesling Restzuckergehalt 53 g\/Ltr. Alkoholgehalt 13,5 Vol. % Bio: NEIN vegan: JA [&hellip;]<\/p>\n","protected":false},"featured_media":71802,"comment_status":"open","ping_status":"closed","template":"","meta":[],"product_brand":[],"product_cat":[3916],"product_tag":[],"class_list":{"0":"post-71840","1":"product","2":"type-product","3":"status-publish","4":"has-post-thumbnail","6":"product_cat-10-schalentier-riesling","8":"first","9":"instock","10":"taxable","11":"shipping-taxable","12":"purchasable","13":"product-type-simple"},"_links":{"self":[{"href":"https:\/\/shop.martinconrad.de\/html\/catalog\/wp-json\/wp\/v2\/product\/71840","targetHints":{"allow":["GET"]}}],"collection":[{"href":"https:\/\/shop.martinconrad.de\/html\/catalog\/wp-json\/wp\/v2\/product"}],"about":[{"href":"https:\/\/shop.martinconrad.de\/html\/catalog\/wp-json\/wp\/v2\/types\/product"}],"replies":[{"embeddable":true,"href":"https:\/\/shop.martinconrad.de\/html\/catalog\/wp-json\/wp\/v2\/comments?post=71840"}],"wp:featuredmedia":[{"embeddable":true,"href":"https:\/\/shop.martinconrad.de\/html\/catalog\/wp-json\/wp\/v2\/media\/71802"}],"wp:attachment":[{"href":"https:\/\/shop.martinconrad.de\/html\/catalog\/wp-json\/wp\/v2\/media?parent=71840"}],"wp:term":[{"taxonomy":"product_brand","embeddable":true,"href":"https:\/\/shop.martinconrad.de\/html\/catalog\/wp-json\/wp\/v2\/product_brand?post=71840"},{"taxonomy":"product_cat","embeddable":true,"href":"https:\/\/shop.martinconrad.de\/html\/catalog\/wp-json\/wp\/v2\/product_cat?post=71840"},{"taxonomy":"product_tag","embeddable":true,"href":"https:\/\/shop.martinconrad.de\/html\/catalog\/wp-json\/wp\/v2\/product_tag?post=71840"}],"curies":[{"name":"wp","href":"https:\/\/api.w.org\/{rel}","templated":true}]}}