{"id":71834,"date":"2023-08-17T11:33:56","date_gmt":"2023-08-17T10:33:56","guid":{"rendered":"https:\/\/shop.martinconrad.de\/html\/catalog\/?product=artikel-nr-21-052021-brauneberger-juffer-gg-riesling-trocken-075l"},"modified":"2025-03-09T14:37:48","modified_gmt":"2025-03-09T13:37:48","slug":"artikel-nr-21-052021-brauneberger-juffer-gg-riesling-trocken-075l","status":"publish","type":"product","link":"https:\/\/shop.martinconrad.de\/html\/catalog\/produkt\/artikel-nr-21-052021-brauneberger-juffer-gg-riesling-trocken-075l\/","title":{"rendered":"<br>Artikel-Nr.: 21-05<br>2021 Brauneberger Juffer GG Riesling trocken 0,75l *<br>"},"content":{"rendered":"<p><!-- IBGHTML -->Unser&nbsp;kompromisslos und behutsam von Hand selektionierter Spitzenwein aus unserer weltber\u00fchmten&nbsp;Top-Lage&nbsp;Brauneberger Juffer. Die Trauben wachsen auf grauem Verwitterungsschiefer. Der Wein spiegelt perfekt das Terroir mit seiner intensiven&nbsp;feinrauchigen Mineralit\u00e4t und herzhaft salzigen W\u00fcrze gepaart mit einer eleganten Frucht und feinem S\u00fc\u00dfe-S\u00e4ure-Spiel wider.&nbsp;Wir verg\u00e4ren diesen Wein ausschlie\u00dflich mit nat\u00fcrlichen Hefen,&nbsp;er wird ohne tierische Sch\u00f6nungsmittel und Enzyme vinifiziert und ist&nbsp;daher auch zu 100% VEGAN! Ein Genusserlebnis der besonderen&nbsp;Art.<\/p>\n<table WIDTH=\"60%\" BORDER=\"0\" align=\"left\" CELLPADDING=\"0\" CELLSPACING=\"0\"><\/p>\n<tr>\n<td width=\"53%\">Artikelnummer:<\/td>\n<td width=\"47%\"><strong>21-05<\/strong><\/td>\n<\/tr>\n<p><\/p>\n<tr>\n<td>Inhalt<\/td>\n<td><strong>0,75 Ltr.<\/strong><\/td>\n<\/tr>\n<p><\/p>\n<tr>\n<td>Preis\/Ltr.<\/td>\n<td><strong>42,53 EUR pro Ltr.<\/strong><\/td>\n<\/tr>\n<p><\/p>\n<tr>\n<td>Weinart:<\/td>\n<td><strong>Wei\u00dfwein<\/strong><\/td>\n<\/tr>\n<p><\/p>\n<tr>\n<td>Qualit&auml;tsstufe<\/td>\n<td><strong>Qualit\u00e4tswein<\/strong><\/td>\n<\/tr>\n<p><\/p>\n<tr>\n<td>Rebsorte<\/td>\n<td><strong>Riesling<\/strong><\/td>\n<\/tr>\n<p><\/p>\n<tr>\n<td>Restzuckergehalt<\/td>\n<td><strong><\/strong><\/td>\n<\/tr>\n<p><\/p>\n<tr>\n<td>Alkoholgehalt<\/td>\n<td><strong>12,5 Vol. %<\/strong><\/td>\n<\/tr>\n<p><\/p>\n<tr>\n<td>Bio:<\/td>\n<td><strong>NEIN<\/strong><\/td>\n<\/tr>\n<p><\/p>\n<tr>\n<td>vegan:<\/td>\n<td><strong>JA<\/strong><\/td>\n<\/tr>\n<p><\/p>\n<tr>\n<td>enth\u00e4lt Allergene:<\/td>\n<td><strong>Sulfite<\/strong><\/td>\n<\/tr>\n<p><\/table>\n","protected":false},"excerpt":{"rendered":"<p>Unser&nbsp;kompromisslos und behutsam von Hand selektionierter Spitzenwein aus unserer weltber\u00fchmten&nbsp;Top-Lage&nbsp;Brauneberger Juffer. Die Trauben wachsen auf grauem Verwitterungsschiefer. Der Wein spiegelt perfekt das Terroir mit seiner intensiven&nbsp;feinrauchigen Mineralit\u00e4t und herzhaft salzigen W\u00fcrze gepaart mit einer eleganten Frucht und feinem S\u00fc\u00dfe-S\u00e4ure-Spiel wider.&nbsp;Wir verg\u00e4ren diesen Wein ausschlie\u00dflich mit nat\u00fcrlichen Hefen,&nbsp;er wird ohne tierische Sch\u00f6nungsmittel und Enzyme vinifiziert und [&hellip;]<\/p>\n","protected":false},"featured_media":71774,"comment_status":"open","ping_status":"closed","template":"","meta":[],"product_brand":[],"product_cat":[3924],"product_tag":[],"class_list":{"0":"post-71834","1":"product","2":"type-product","3":"status-publish","4":"has-post-thumbnail","6":"product_cat-03-grosse-gewaechse-ggs-reserve","8":"first","9":"instock","10":"taxable","11":"shipping-taxable","12":"purchasable","13":"product-type-simple"},"_links":{"self":[{"href":"https:\/\/shop.martinconrad.de\/html\/catalog\/wp-json\/wp\/v2\/product\/71834","targetHints":{"allow":["GET"]}}],"collection":[{"href":"https:\/\/shop.martinconrad.de\/html\/catalog\/wp-json\/wp\/v2\/product"}],"about":[{"href":"https:\/\/shop.martinconrad.de\/html\/catalog\/wp-json\/wp\/v2\/types\/product"}],"replies":[{"embeddable":true,"href":"https:\/\/shop.martinconrad.de\/html\/catalog\/wp-json\/wp\/v2\/comments?post=71834"}],"wp:featuredmedia":[{"embeddable":true,"href":"https:\/\/shop.martinconrad.de\/html\/catalog\/wp-json\/wp\/v2\/media\/71774"}],"wp:attachment":[{"href":"https:\/\/shop.martinconrad.de\/html\/catalog\/wp-json\/wp\/v2\/media?parent=71834"}],"wp:term":[{"taxonomy":"product_brand","embeddable":true,"href":"https:\/\/shop.martinconrad.de\/html\/catalog\/wp-json\/wp\/v2\/product_brand?post=71834"},{"taxonomy":"product_cat","embeddable":true,"href":"https:\/\/shop.martinconrad.de\/html\/catalog\/wp-json\/wp\/v2\/product_cat?post=71834"},{"taxonomy":"product_tag","embeddable":true,"href":"https:\/\/shop.martinconrad.de\/html\/catalog\/wp-json\/wp\/v2\/product_tag?post=71834"}],"curies":[{"name":"wp","href":"https:\/\/api.w.org\/{rel}","templated":true}]}}