{"id":71832,"date":"2023-08-17T11:33:53","date_gmt":"2023-08-17T10:33:53","guid":{"rendered":"https:\/\/shop.martinconrad.de\/html\/catalog\/?product=artikel-nr-pf-1-05likoer-vom-roten-weinbergspfirsich-20-vol-05-l"},"modified":"2025-10-11T17:58:19","modified_gmt":"2025-10-11T16:58:19","slug":"artikel-nr-pf-1-05likoer-vom-roten-weinbergspfirsich-25-vol-05-l","status":"publish","type":"product","link":"https:\/\/shop.martinconrad.de\/html\/catalog\/produkt\/artikel-nr-pf-1-05likoer-vom-roten-weinbergspfirsich-25-vol-05-l\/","title":{"rendered":"<br>Artikel-Nr.: Pf-1-05<br>Lik\u00f6r vom Roten Weinbergspfirsich (25% Vol) &#8211; 0,5 L<br>"},"content":{"rendered":"<p><!-- IBGHTML -->Hergestellt aus dem konzentriertem Saft Roter Weinbergspfirsiche, die haupts\u00e4chlich in weinbaugeeigneten warmen Klimaten gedeihen. Fruchtig-s\u00fc\u00df und trotzdem sehr elegant. Der Lik\u00f6r schmeckt auch sehr gut in Kobination mit unserem Secco oder Riesling-Sekt&nbsp;&#8211;&nbsp;ein hervorragender Aperitif! (20,0% Vol).<\/p>\n<table WIDTH=\"60%\" BORDER=\"0\" align=\"left\" CELLPADDING=\"0\" CELLSPACING=\"0\"><\/p>\n<tr>\n<td width=\"53%\">Artikelnummer:<\/td>\n<td width=\"47%\"><strong>Pf-1-05<\/strong><\/td>\n<\/tr>\n<p><\/p>\n<tr>\n<td>Inhalt<\/td>\n<td><strong>0,5 Ltr.<\/strong><\/td>\n<\/tr>\n<p><\/p>\n<tr>\n<td>Preis\/Ltr.<\/td>\n<td><strong>39,80 EUR pro Ltr.<\/strong><\/td>\n<\/tr>\n<p><\/p>\n<tr>\n<td>Weinart:<\/td>\n<td><strong><\/strong><\/td>\n<\/tr>\n<p><\/p>\n<tr>\n<td>Qualit&auml;tsstufe<\/td>\n<td><strong><\/strong><\/td>\n<\/tr>\n<p><\/p>\n<tr>\n<td>Rebsorte<\/td>\n<td><strong><\/strong><\/td>\n<\/tr>\n<p><\/p>\n<tr>\n<td>Restzuckergehalt<\/td>\n<td><strong><\/strong><\/td>\n<\/tr>\n<p><\/p>\n<tr>\n<td>Alkoholgehalt<\/td>\n<td><strong>21,0 Vol. %<\/strong><\/td>\n<\/tr>\n<p><\/p>\n<tr>\n<td>Bio:<\/td>\n<td><strong>NEIN<\/strong><\/td>\n<\/tr>\n<p><\/p>\n<tr>\n<td>vegan:<\/td>\n<td><strong>JA<\/strong><\/td>\n<\/tr>\n<p><\/p>\n<tr>\n<td>enth\u00e4lt Allergene:<\/td>\n<td><strong>&#8211;<\/strong><\/td>\n<\/tr>\n<p><\/table>\n","protected":false},"excerpt":{"rendered":"<p>Hergestellt aus dem konzentriertem Saft Roter Weinbergspfirsiche, die haupts\u00e4chlich in weinbaugeeigneten warmen Klimaten gedeihen. Fruchtig-s\u00fc\u00df und trotzdem sehr elegant. Der Lik\u00f6r schmeckt auch sehr gut in Kobination mit unserem Secco oder Riesling-Sekt&nbsp;&#8211;&nbsp;ein hervorragender Aperitif! (20,0% Vol). Artikelnummer: Pf-1-05 Inhalt 0,5 Ltr. Preis\/Ltr. 39,80 EUR pro Ltr. Weinart: Qualit&auml;tsstufe Rebsorte Restzuckergehalt Alkoholgehalt 21,0 Vol. % Bio: [&hellip;]<\/p>\n","protected":false},"featured_media":71801,"comment_status":"open","ping_status":"closed","template":"","meta":[],"product_brand":[],"product_cat":[3921],"product_tag":[],"class_list":{"0":"post-71832","1":"product","2":"type-product","3":"status-publish","4":"has-post-thumbnail","6":"product_cat-08-marc-vom-riesling-likoer","8":"first","9":"instock","10":"featured","11":"taxable","12":"shipping-taxable","13":"purchasable","14":"product-type-simple"},"_links":{"self":[{"href":"https:\/\/shop.martinconrad.de\/html\/catalog\/wp-json\/wp\/v2\/product\/71832","targetHints":{"allow":["GET"]}}],"collection":[{"href":"https:\/\/shop.martinconrad.de\/html\/catalog\/wp-json\/wp\/v2\/product"}],"about":[{"href":"https:\/\/shop.martinconrad.de\/html\/catalog\/wp-json\/wp\/v2\/types\/product"}],"replies":[{"embeddable":true,"href":"https:\/\/shop.martinconrad.de\/html\/catalog\/wp-json\/wp\/v2\/comments?post=71832"}],"wp:featuredmedia":[{"embeddable":true,"href":"https:\/\/shop.martinconrad.de\/html\/catalog\/wp-json\/wp\/v2\/media\/71801"}],"wp:attachment":[{"href":"https:\/\/shop.martinconrad.de\/html\/catalog\/wp-json\/wp\/v2\/media?parent=71832"}],"wp:term":[{"taxonomy":"product_brand","embeddable":true,"href":"https:\/\/shop.martinconrad.de\/html\/catalog\/wp-json\/wp\/v2\/product_brand?post=71832"},{"taxonomy":"product_cat","embeddable":true,"href":"https:\/\/shop.martinconrad.de\/html\/catalog\/wp-json\/wp\/v2\/product_cat?post=71832"},{"taxonomy":"product_tag","embeddable":true,"href":"https:\/\/shop.martinconrad.de\/html\/catalog\/wp-json\/wp\/v2\/product_tag?post=71832"}],"curies":[{"name":"wp","href":"https:\/\/api.w.org\/{rel}","templated":true}]}}