{"id":71831,"date":"2023-08-17T11:33:51","date_gmt":"2023-08-17T10:33:51","guid":{"rendered":"https:\/\/shop.martinconrad.de\/html\/catalog\/?product=artikel-nr-19-522019-schalentier-kestener-paulinshofberg-gg-lage-riesling-trocken-075l-limitierte-edition-einzeln-nummeriert-vinvaerket-dk-what-a-wine"},"modified":"2025-03-07T10:26:10","modified_gmt":"2025-03-07T09:26:10","slug":"artikel-nr-19-522019-schalentier-kestener-paulinshofberg-gg-lage-riesling-trocken-075l-limitierte-edition-einzeln-nummeriert-vinvaerket-dk-what-a-wine","status":"publish","type":"product","link":"https:\/\/shop.martinconrad.de\/html\/catalog\/produkt\/artikel-nr-19-522019-schalentier-kestener-paulinshofberg-gg-lage-riesling-trocken-075l-limitierte-edition-einzeln-nummeriert-vinvaerket-dk-what-a-wine\/","title":{"rendered":"<br>Artikel-Nr.: 19-52<br>2019 &#8218;SCHALENTIER&#8216; Kestener Paulinshofberg (GG-Lage) Riesling trocken 0,75l &#8211; Limitierte Edition, einzeln nummeriert &#8211; VINVAERKET DK: &#8222;What a wine!&#8220;<br>"},"content":{"rendered":"<p><!-- IBGHTML -->Terroirgepr\u00e4gter Riesling vom rockigen Schiefersteilhang der&nbsp;Gro\u00dfe-Gew\u00e4chs-Lage&nbsp;Kestener Paulinshofberg, selektiv von Hand gelesen, auf der Schale spontan vergoren, vinifziert von Susanne Conrad.<strong> Limitierte Auflage: 671 Flaschen, einzeln nummeriert. Maximal&nbsp;24 Flaschen pro Kunde.<\/strong> Bei 11-12 Grad Celsius Trinktemperatur ideal im Burgunderglas. <\/p>\n<table WIDTH=\"60%\" BORDER=\"0\" align=\"left\" CELLPADDING=\"0\" CELLSPACING=\"0\"><\/p>\n<tr>\n<td width=\"53%\">Artikelnummer:<\/td>\n<td width=\"47%\"><strong>19-52<\/strong><\/td>\n<\/tr>\n<p><\/p>\n<tr>\n<td>Inhalt<\/td>\n<td><strong>0,75 Ltr.<\/strong><\/td>\n<\/tr>\n<p><\/p>\n<tr>\n<td>Preis\/Ltr.<\/td>\n<td><strong>56,00 EUR pro Ltr.<\/strong><\/td>\n<\/tr>\n<p><\/p>\n<tr>\n<td>Weinart:<\/td>\n<td><strong>Wei\u00dfwein<\/strong><\/td>\n<\/tr>\n<p><\/p>\n<tr>\n<td>Qualit&auml;tsstufe<\/td>\n<td><strong>Qualit\u00e4tswein<\/strong><\/td>\n<\/tr>\n<p><\/p>\n<tr>\n<td>Rebsorte<\/td>\n<td><strong>Riesling<\/strong><\/td>\n<\/tr>\n<p><\/p>\n<tr>\n<td>Restzuckergehalt<\/td>\n<td><strong>0,6 g\/Ltr.<\/strong><\/td>\n<\/tr>\n<p><\/p>\n<tr>\n<td>Alkoholgehalt<\/td>\n<td><strong>12,5 Vol. %<\/strong><\/td>\n<\/tr>\n<p><\/p>\n<tr>\n<td>Bio:<\/td>\n<td><strong>NEIN<\/strong><\/td>\n<\/tr>\n<p><\/p>\n<tr>\n<td>vegan:<\/td>\n<td><strong>JA<\/strong><\/td>\n<\/tr>\n<p><\/p>\n<tr>\n<td>enth\u00e4lt Allergene:<\/td>\n<td><strong>Sulfite<\/strong><\/td>\n<\/tr>\n<p><\/table>\n","protected":false},"excerpt":{"rendered":"<p>Terroirgepr\u00e4gter Riesling vom rockigen Schiefersteilhang der&nbsp;Gro\u00dfe-Gew\u00e4chs-Lage&nbsp;Kestener Paulinshofberg, selektiv von Hand gelesen, auf der Schale spontan vergoren, vinifziert von Susanne Conrad. Limitierte Auflage: 671 Flaschen, einzeln nummeriert. Maximal&nbsp;24 Flaschen pro Kunde. Bei 11-12 Grad Celsius Trinktemperatur ideal im Burgunderglas. Artikelnummer: 19-52 Inhalt 0,75 Ltr. Preis\/Ltr. 56,00 EUR pro Ltr. Weinart: Wei\u00dfwein Qualit&auml;tsstufe Qualit\u00e4tswein Rebsorte Riesling Restzuckergehalt [&hellip;]<\/p>\n","protected":false},"featured_media":37255,"comment_status":"open","ping_status":"closed","template":"","meta":[],"product_brand":[],"product_cat":[3916],"product_tag":[],"class_list":{"0":"post-71831","1":"product","2":"type-product","3":"status-publish","4":"has-post-thumbnail","6":"product_cat-10-schalentier-riesling","8":"first","9":"instock","10":"taxable","11":"shipping-taxable","12":"purchasable","13":"product-type-simple"},"_links":{"self":[{"href":"https:\/\/shop.martinconrad.de\/html\/catalog\/wp-json\/wp\/v2\/product\/71831","targetHints":{"allow":["GET"]}}],"collection":[{"href":"https:\/\/shop.martinconrad.de\/html\/catalog\/wp-json\/wp\/v2\/product"}],"about":[{"href":"https:\/\/shop.martinconrad.de\/html\/catalog\/wp-json\/wp\/v2\/types\/product"}],"replies":[{"embeddable":true,"href":"https:\/\/shop.martinconrad.de\/html\/catalog\/wp-json\/wp\/v2\/comments?post=71831"}],"wp:featuredmedia":[{"embeddable":true,"href":"https:\/\/shop.martinconrad.de\/html\/catalog\/wp-json\/wp\/v2\/media\/37255"}],"wp:attachment":[{"href":"https:\/\/shop.martinconrad.de\/html\/catalog\/wp-json\/wp\/v2\/media?parent=71831"}],"wp:term":[{"taxonomy":"product_brand","embeddable":true,"href":"https:\/\/shop.martinconrad.de\/html\/catalog\/wp-json\/wp\/v2\/product_brand?post=71831"},{"taxonomy":"product_cat","embeddable":true,"href":"https:\/\/shop.martinconrad.de\/html\/catalog\/wp-json\/wp\/v2\/product_cat?post=71831"},{"taxonomy":"product_tag","embeddable":true,"href":"https:\/\/shop.martinconrad.de\/html\/catalog\/wp-json\/wp\/v2\/product_tag?post=71831"}],"curies":[{"name":"wp","href":"https:\/\/api.w.org\/{rel}","templated":true}]}}