{"id":53010,"date":"2022-05-25T13:42:49","date_gmt":"2022-05-25T12:42:49","guid":{"rendered":"https:\/\/shop.martinconrad.de\/html\/catalog\/?page_id=53010"},"modified":"2022-05-25T13:42:49","modified_gmt":"2022-05-25T12:42:49","slug":"agb","status":"publish","type":"page","link":"https:\/\/shop.martinconrad.de\/html\/catalog\/agb\/","title":{"rendered":"AGB"},"content":{"rendered":"<p><!-- IBGHTML --><\/p>\n<p>Impressum:<br \/>Weingut Brauneberger Hof<br \/>Inhaber: Martin Conrad<br \/>Moselweinstra\u00dfe 133<br \/>D-54472 Brauneberg\/Mosel<\/p>\n<p>Tel. 06534 \u2013 9398-0<br \/>E-Mail: <a href=\"mailto:info@martinconrad.de\">info@martinconrad.de<\/a><\/p>\n<p>UsStId. Nr.: DE-812490668<\/p>\n<p>Aufsichtsbeh\u00f6rde: Ministerium f\u00fcr Umwelt, Landwirtschaft, Ern\u00e4hrung, Weinbau und Forsten, <br \/>Kaiser-Friedrich-Str. 1, 55116 Mainz. <\/p>\n<p>Wir geh\u00f6ren der Landwirtschaftskammer Rheinland-Pfalz, Bahnhofsplatz 9, Koblenz an. <\/p>\n<p>Gesetzliche Grundlage unserer T\u00e4tigkeit: Weingesetz (WeinG). <\/p>\n<p><\/p>\n<p><\/p>\n<p><strong>Allgemeine Gesch&auml;ftsbedingungen<\/strong><\/p>\n<p><\/p>\n<p><\/p>\n<p><strong>1.&nbsp;Geltungsbereich<\/strong><\/p>\n<p><\/p>\n<p><\/p>\n<p>F&uuml;r alle Bestellungen &uuml;ber unseren Online-Shop gelten die nachfolgenden AGB. Unser Online-Shop richtet sich ausschlie&szlig;lich an Verbraucher.<\/p>\n<p><\/p>\n<p>Verbraucher ist jede nat&uuml;rliche Person, die ein Rechtsgesch&auml;ft zu Zwecken abschlie&szlig;t, die &uuml;berwiegend weder ihrer gewerblichen noch ihrer selbst&auml;ndigen beruflichen T&auml;tigkeit zugerechnet werden k&ouml;nnen. Unternehmer ist eine nat&uuml;rliche oder juristische Person oder eine rechtsf&auml;hige Personengesellschaft, die bei Abschluss eines Rechtsgesch&auml;fts in Aus&uuml;bung ihrer gewerblichen oder selbst&auml;ndigen beruflichen T&auml;tigkeit handelt.<\/p>\n<p><\/p>\n<p><\/p>\n<p><\/p>\n<p><strong>2.&nbsp;Vertragspartner, Vertragsschluss, Korrekturm&ouml;glichkeiten<\/strong><\/p>\n<p><\/p>\n<p><\/p>\n<p>Der Kaufvertrag kommt zustande mit <\/p>\n<p>Weingut Martin Conrad<br \/>Moselweinstra\u00dfe 133<br \/>D-54472 Brauneberg<\/p>\n<p>Tel. 06534 \u2013 9398-0<br \/>Fax. 06534 \u2013 9398-55<br \/>E-Mail: info@martinconrad.de<br \/>info@martinconrad.de<\/p>\n<p><\/p>\n<p>Mit Einstellung der Produkte in den Online-Shop geben wir ein verbindliches Angebot zum Vertragsschluss &uuml;ber diese Artikel ab. Sie k&ouml;nnen unsere Produkte zun&auml;chst unverbindlich in den Warenkorb legen und Ihre Eingaben vor Absenden Ihrer verbindlichen Bestellung jederzeit korrigieren, indem Sie die hierf&uuml;r im Bestellablauf vorgesehenen und erl&auml;uterten Korrekturhilfen nutzen. Der Vertrag kommt zustande, indem Sie durch Anklicken des Bestellbuttons das Angebot &uuml;ber die im Warenkorb enthaltenen Waren annehmen. Unmittelbar nach dem Absenden der Bestellung erhalten Sie noch einmal eine Best&auml;tigung per E-Mail.<\/p>\n<p><\/p>\n<p><\/p>\n<p><\/p>\n<p><strong>3.&nbsp;Vertragssprache, Vertragstextspeicherung<\/strong><\/p>\n<p><\/p>\n<p><\/p>\n<p>Die f&uuml;r den Vertragsschluss zur Verf&uuml;gung stehende Sprache ist Deutsch.<\/p>\n<p><\/p>\n<p><\/p>\n<p><\/p>\n<p>Wir speichern den Vertragstext und senden Ihnen die Bestelldaten und unsere AGB in Textform zu. Der Vertragstext ist aus Sicherheitsgr&uuml;nden nicht mehr &uuml;ber das Internet zug&auml;nglich.<\/p>\n<p><\/p>\n<p><\/p>\n<p><strong>4.&nbsp;Eigentumsvorbehalt<\/strong><\/p>\n<p><\/p>\n<p><\/p>\n<p><\/p>\n<p>Die Ware bleibt bis zur vollst&auml;ndigen Bezahlung unser Eigentum.<\/p>\n<p><\/p>\n<p><\/p>\n<p><\/p>\n<p><strong>5.&nbsp;Gew&auml;hrleistung und Garantien<\/strong><\/p>\n<p><\/p>\n<p><\/p>\n<p><\/p>\n<p>Es gilt das gesetzliche M&auml;ngelhaftungsrecht. Informationen zu gegebenenfalls geltenden zus&auml;tzlichen Garantien und deren genaue Bedingungen finden Sie jeweils beim Produkt und auf besonderen Informationsseiten im Online-Shop.<\/p>\n<p><\/p>\n<p><\/p>\n<p><\/p>\n<p><strong>6.&nbsp;Streitbeilegung<\/strong><\/p>\n<p><\/p>\n<p><\/p>\n<p><\/p>\n<p>Die Europ&auml;ische Kommission stellt eine Plattform zur Online-Streitbeilegung (OS) bereit, die Sie <a href=\"https:\/\/ec.europa.eu\/consumers\/odr\/\" target=\"_blank\">hier<\/a> finden.<br \/>    Zur Teilnahme an einem Streitbeilegungsverfahren vor einer Verbraucherschlichtungsstelle sind wir nicht verpflichtet und nicht bereit.        <\/p>\n<p><\/p>\n<p><strong>7.&nbsp;Jugendschutz<\/strong><\/p>\n<p><\/p>\n<p><\/p>\n<p><\/p>\n<p>Sofern Ihre Bestellung Waren umfasst, deren Verkauf Altersbeschr&auml;nkungen unterliegt, stellen wir durch den Einsatz eines zuverl&auml;ssigen Verfahrens unter Einbeziehung einer pers&ouml;nlichen Identit&auml;ts- und<br \/> Alterspr&uuml;fung sicher, dass der Besteller das erforderliche Mindestalter erreicht hat. Der Zusteller &uuml;bergibt die Ware erst nach erfolgter Alterspr&uuml;fung und nur an den Besteller pers&ouml;nlich.<\/p>\n<p><\/p>\n<p><i><a target=\"_blank\" title=\"AGB\" href=\"https:\/\/shop.trustedshops.com\/de\/rechtstexte\/\">AGB<\/a> erstellt mit dem <a target=\"_blank\" title=\"Trusted Shops\" href=\"https:\/\/shop.trustedshops.com\/de\/\">Trusted Shops<\/a> Rechtstexter in Kooperation mit <a target=\"_blank\" title=\"Wilde Beuger Solmecke Rechtsanw\u00e4lte\" href=\"https:\/\/www.wbs-law.de\/\" rel=\"nofollow\">Wilde Beuger Solmecke Rechtsanw\u00e4lte<\/a>.<\/i><\/p>\n<p>unsere Anschrift und Emailadresse:<\/p>\n<p>Weingut Martin Conrad<br \/>Moselweinstra\u00dfe 133<br \/>D-54472 Brauneberg<\/p>\n<p>Tel. 06534 \u2013 9398-0<br \/>Fax. 06534 \u2013 9398-55<br \/>E-Mail: info@martinconrad.de<br \/>info@martinconrad.de<\/p>\n<p>_<br \/><a name=\"Widerrufsrecht\"><\/a><\/p>\n<p><\/p>\n<hr>\n<p><\/p>\n<p><strong>Widerrufsbelehrung<\/strong><\/p>\n<p>    <\/p>\n<p><strong>Widerrufsrecht<\/strong><br \/> Sie haben das Recht, binnen vierzehn Tagen ohne Angabe von Gr&uuml;nden diesen Vertrag zu widerrufen. Die Widerrufsfrist betr&auml;gt vierzehn Tage ab dem Tag an dem Sie oder ein von Ihnen benannter Dritter, der nicht der Bef&ouml;rderer ist, die Waren in Besitz genommen haben bzw. hat.      <\/p>\n<p>Um Ihr Widerrufsrecht auszu&uuml;ben, m&uuml;ssen Sie uns <br \/>Weingut Martin Conrad<br \/>Moselweinstra\u00dfe 133<br \/>D-54472 Brauneberg<\/p>\n<p>Tel. 06534 \u2013 9398-0<br \/>Fax. 06534 \u2013 9398-55<br \/>E-Mail: info@martinconrad.de<br \/>info@martinconrad.de<\/p>\n<p>mittels einer eindeutigen Erkl&auml;rung (z. B. ein mit der Post versandter Brief oder eine E-Mail) &uuml;ber Ihren Entschluss, diesen Vertrag zu widerrufen, informieren. Sie k&ouml;nnen daf&uuml;r das beigef&uuml;gte Muster-Widerrufsformular verwenden, das jedoch nicht vorgeschrieben ist.<\/p>\n<p>Zur Wahrung der Widerrufsfrist reicht es aus, dass Sie die Mitteilung &uuml;ber die Aus&uuml;bung des Widerrufsrechts vor Ablauf der Widerrufsfrist absenden.  <\/p>\n<p><strong>Folgen des Widerrufs <\/strong> <\/p>\n<p>Wenn Sie diesen Vertrag widerrufen, haben wir Ihnen alle Zahlungen, die wir von Ihnen erhalten haben, einschlie&szlig;lich der Lieferkosten (mit Ausnahme der zus&auml;tzlichen Kosten, die sich daraus ergeben, dass Sie eine andere Art der Lieferung als die von uns angebotene, g&uuml;nstigste Standardlieferung gew&auml;hlt haben), unverz&uuml;glich und sp&auml;testens binnen vierzehn Tagen ab dem Tag zur&uuml;ckzuzahlen, an dem die Mitteilung &uuml;ber Ihren Widerruf dieses Vertrags bei uns eingegangen ist. F&uuml;r diese R&uuml;ckzahlung verwenden wir dasselbe Zahlungsmittel, das Sie bei der urspr&uuml;nglichen Transaktion eingesetzt haben, es sei denn, mit Ihnen wurde ausdr&uuml;cklich etwas anderes vereinbart; in keinem Fall werden Ihnen wegen dieser R&uuml;ckzahlung Entgelte berechnet.<br \/>Wir k&ouml;nnen die R&uuml;ckzahlung verweigern, bis wir die Waren wieder zur&uuml;ckerhalten haben oder bis Sie den Nachweis erbracht haben, dass Sie die Waren zur&uuml;ckgesandt haben, je nachdem, welches der fr&uuml;here Zeitpunkt ist.  <\/p>\n<p>Sie haben die Waren unverz&uuml;glich und in jedem Fall sp&auml;testens binnen vierzehn Tagen ab dem Tag, an dem Sie uns &uuml;ber den Widerruf dieses Vertrags unterrichten, an uns zur&uuml;ckzusenden oder zu &uuml;bergeben. Die Frist ist gewahrt, wenn Sie die Waren vor Ablauf der Frist von vierzehn Tagen absenden.<br \/>Sie tragen die unmittelbaren Kosten der R&uuml;cksendung der Waren.<br \/>Sie m&uuml;ssen f&uuml;r einen etwaigen Wertverlust der Waren nur aufkommen, wenn dieser Wertverlust auf einen zur Pr&uuml;fung der Beschaffenheit, Eigenschaften und Funktionsweise der Waren nicht notwendigen Umgang mit ihnen zur&uuml;ckzuf&uuml;hren ist.<\/p>\n<table border=\"1\" cellpadding=\"1\" cellspacing=\"1\" style=\"width:100%\">\n<tbody>\n<tr>\n<td>\n<p><strong>Muster-Widerrufsformular<\/strong><\/p>\n<p><em>(Wenn Sie den Vertrag widerrufen wollen, dann f&uuml;llen Sie bitte dieses Formular aus und senden Sie es zur&uuml;ck.)<\/em><\/p>\n<p>&ndash; An Weingut Martin Conrad<br \/>Moselweinstra\u00dfe 133<br \/>D-54472 Brauneberg<\/p>\n<p>Tel. 06534 \u2013 9398-0<br \/>Fax. 06534 \u2013 9398-55<br \/>E-Mail: info@martinconrad.de<br \/>info@martinconrad.de <\/p>\n<p>&ndash; Hiermit widerrufe(n) ich\/wir (*) den von mir\/uns (*) abgeschlossenen Vertrag &uuml;ber den Kauf der folgenden<br \/> Waren (*)\/die Erbringung der folgenden Dienstleistung (*)<\/p>\n<p>&ndash; Bestellt am (*)\/erhalten am (*)<\/p>\n<p>&ndash; Name des\/der Verbraucher(s)<\/p>\n<p>&ndash; Anschrift des\/der Verbraucher(s)<\/p>\n<p>&ndash; Unterschrift des\/der Verbraucher(s) (nur bei Mitteilung auf Papier)<\/p>\n<p>&ndash; Datum<\/p>\n<p> <em>(*) Unzutreffendes streichen.<\/em><\/p>\n<\/td>\n<\/tr>\n<\/tbody>\n<\/table>\n<p><i><a target=\"_blank\" title=\"Widerrufsbelehrung\" href=\"https:\/\/shop.trustedshops.com\/de\/rechtstexte\/\">Widerrufsbelehrung<\/a> erstellt mit dem <a target=\"_blank\" title=\"Trusted Shops\" href=\"https:\/\/shop.trustedshops.com\/de\/\">Trusted Shops<\/a> Rechtstexter in Kooperation mit <a target=\"_blank\" title=\"Wilde Beuger Solmecke Rechtsanw\u00e4lte\" href=\"https:\/\/www.wbs-law.de\/\" rel=\"nofollow\">Wilde Beuger Solmecke Rechtsanw\u00e4lte<\/a>.<\/i><\/p>\n<p><\/p>\n","protected":false},"excerpt":{"rendered":"<p>Impressum:Weingut Brauneberger HofInhaber: Martin ConradMoselweinstra\u00dfe 133D-54472 Brauneberg\/Mosel Tel. 06534 \u2013 9398-0E-Mail: info@martinconrad.de UsStId. Nr.: DE-812490668 Aufsichtsbeh\u00f6rde: Ministerium f\u00fcr Umwelt, Landwirtschaft, Ern\u00e4hrung, Weinbau und Forsten, Kaiser-Friedrich-Str. 1, 55116 Mainz. Wir geh\u00f6ren der Landwirtschaftskammer Rheinland-Pfalz, Bahnhofsplatz 9, Koblenz an. Gesetzliche Grundlage unserer T\u00e4tigkeit: Weingesetz (WeinG). Allgemeine Gesch&auml;ftsbedingungen 1.&nbsp;Geltungsbereich F&uuml;r alle Bestellungen &uuml;ber unseren Online-Shop gelten die nachfolgenden [&hellip;]<\/p>\n","protected":false},"author":2,"featured_media":0,"parent":0,"menu_order":0,"comment_status":"closed","ping_status":"closed","template":"","meta":{"footnotes":""},"class_list":["post-53010","page","type-page","status-publish","hentry"],"_links":{"self":[{"href":"https:\/\/shop.martinconrad.de\/html\/catalog\/wp-json\/wp\/v2\/pages\/53010","targetHints":{"allow":["GET"]}}],"collection":[{"href":"https:\/\/shop.martinconrad.de\/html\/catalog\/wp-json\/wp\/v2\/pages"}],"about":[{"href":"https:\/\/shop.martinconrad.de\/html\/catalog\/wp-json\/wp\/v2\/types\/page"}],"author":[{"embeddable":true,"href":"https:\/\/shop.martinconrad.de\/html\/catalog\/wp-json\/wp\/v2\/users\/2"}],"replies":[{"embeddable":true,"href":"https:\/\/shop.martinconrad.de\/html\/catalog\/wp-json\/wp\/v2\/comments?post=53010"}],"version-history":[{"count":1,"href":"https:\/\/shop.martinconrad.de\/html\/catalog\/wp-json\/wp\/v2\/pages\/53010\/revisions"}],"predecessor-version":[{"id":53011,"href":"https:\/\/shop.martinconrad.de\/html\/catalog\/wp-json\/wp\/v2\/pages\/53010\/revisions\/53011"}],"wp:attachment":[{"href":"https:\/\/shop.martinconrad.de\/html\/catalog\/wp-json\/wp\/v2\/media?parent=53010"}],"curies":[{"name":"wp","href":"https:\/\/api.w.org\/{rel}","templated":true}]}}